{"id":7801,"date":"2025-11-20T10:45:07","date_gmt":"2025-11-20T09:45:07","guid":{"rendered":"https:\/\/braga.one\/fessgroup\/?page_id=7801"},"modified":"2026-03-16T19:17:05","modified_gmt":"2026-03-16T18:17:05","slug":"montaz-maszyn-modernizacja-maszyn-kuchennych","status":"publish","type":"page","link":"https:\/\/fessgroup.pl\/index.php\/montaz-maszyn-modernizacja-maszyn-kuchennych\/","title":{"rendered":"Monta\u017c maszyn: Modernizacja maszyn kuchennych"},"content":{"rendered":"<div class=\"wpb-content-wrapper\"><p>[vc_row row_content_width=&#8221;grid&#8221; row_btt_skin=&#8221;light&#8221; row_background_text_position=&#8221;front&#8221;][vc_column][vc_column_text css=&#8221;&#8221;]Bran\u017ca spo\u017cywcza stale si\u0119 rozwija, a producenci \u017cywno\u015bci i napoj\u00f3w nieustannie reaguj\u0105 na zmieniaj\u0105ce si\u0119 zapotrzebowanie i trendy. Innowacyjna firma The Tofoo Co. z Malton zwr\u00f3ci\u0142a si\u0119 do nas z pro\u015bb\u0105 o wycen\u0119 kompleksowej instalacji, zabezpieczenia i uruchomienia nowego naczynia do gotowania. Nasi in\u017cynierowie mechanicy i elektrycy z Yorkshire wygrali przetarg na wykonanie prac.[\/vc_column_text][\/vc_column][\/vc_row][vc_row row_btt_skin=&#8221;light&#8221; row_background_text_position=&#8221;front&#8221;][vc_column][vc_empty_space height=&#8221;52px&#8221;][\/vc_column][\/vc_row][vc_row row_content_width=&#8221;grid&#8221; row_btt_skin=&#8221;light&#8221; row_background_text_position=&#8221;front&#8221;][vc_column width=&#8221;2\/3&#8243;][vc_empty_space height=&#8221;52px&#8221;][vc_column_text css=&#8221;&#8221;]<\/p>\n<h2>Wyzwania<\/h2>\n<p>Celem nowych maszyn by\u0142o zwi\u0119kszenie produkcji o 30%. Mia\u0142o to zosta\u0107 wykonane jak najszybciej i najsprawniej, przy minimalnym zak\u0142\u00f3ceniu us\u0142ug. Instalacja wi\u0105za\u0142a si\u0119 r\u00f3wnie\u017c z prac\u0105 na miejscu, w trakcie pandemii COVID-19. Nasz wykwalifikowany i do\u015bwiadczony zesp\u00f3\u0142 przygotowa\u0142 ca\u0142\u0105 wymagan\u0105 dokumentacj\u0119 dotycz\u0105c\u0105 zasad bezpiecze\u0144stwa i higieny pracy, w tym RAM i certyfikaty, zapewniaj\u0105c klientowi spok\u00f3j ducha. Pod koniec tygodnia przyst\u0105pili\u015bmy do pracy na miejscu, wyposa\u017ceni w odpowiednie \u015brodki ochrony indywidualnej.[\/vc_column_text][\/vc_column][vc_column width=&#8221;1\/3&#8243;][vc_single_image image=&#8221;7813&#8243; img_size=&#8221;full&#8221; style=&#8221;vc_box_outline_circle_2&#8243; css=&#8221;&#8221;][\/vc_column][\/vc_row][vc_row row_btt_skin=&#8221;light&#8221; row_background_text_position=&#8221;front&#8221;][vc_column][vc_empty_space height=&#8221;52px&#8221;][\/vc_column][\/vc_row][vc_row row_content_width=&#8221;grid&#8221; row_btt_skin=&#8221;light&#8221; row_background_text_position=&#8221;front&#8221;][vc_column width=&#8221;1\/4&#8243;][vc_single_image image=&#8221;7814&#8243; img_size=&#8221;full&#8221; style=&#8221;vc_box_outline_circle_2&#8243; css=&#8221;&#8221;][\/vc_column][vc_column width=&#8221;3\/4&#8243;][vc_empty_space height=&#8221;52px&#8221;][vc_column_text css=&#8221;&#8221;]<\/p>\n<div class=\"half\">\n<h2>Systemy mechaniczne<\/h2>\n<div>Obudow\u0119 elektryczn\u0105 wykonano za pomoc\u0105 ram Unistrut i ocynkowanych tac. Zastosowali\u015bmy gumowany, elastyczny kabel, a d\u0142ugo\u015b\u0107 ca\u0142ej obudowy obliczyli\u015bmy za pomoc\u0105 oprogramowania Trimble, aby zminimalizowa\u0107 straty. Obudow\u0119 ze stali nierdzewnej, w kt\u00f3rej umieszczono rury przesy\u0142owe produktu, wykonano metod\u0105 spawania metod\u0105 przedmuchu, a lini\u0119 parow\u0105 zmontowano ze stali w\u0119glowej i pokryto izolacj\u0105. Nowy garnek zwi\u0119kszy przepustowo\u015b\u0107 o 33%, co ma ogromny wp\u0142yw na rozwijaj\u0105c\u0105 si\u0119 firm\u0119, kt\u00f3ra stale zwi\u0119ksza zapotrzebowanie na swoje produkty.<\/div>\n<\/div>\n<p>[\/vc_column_text][\/vc_column][\/vc_row][vc_row row_btt_skin=&#8221;light&#8221; row_background_text_position=&#8221;front&#8221;][vc_column][vc_empty_space height=&#8221;152px&#8221;][\/vc_column][\/vc_row][vc_row row_content_width=&#8221;grid&#8221; row_btt_skin=&#8221;light&#8221; disable_background_image=&#8221;&#8221; row_background_text_position=&#8221;front&#8221; row_skin=&#8221;dark&#8221; css=&#8221;.vc_custom_1763632704264{padding-top: 113px !important;padding-bottom: 113px !important;}&#8221; simple_background_image=&#8221;6829&#8243; simple_background_color=&#8221;#DD9933&#8243;][vc_column offset=&#8221;vc_col-lg-offset-6 vc_col-lg-6&#8243; css=&#8221;.vc_custom_1552640997654{padding-right: 15px !important;padding-left: 28px !important;}&#8221; el_class=&#8221;.mkdf-different-button-hover&#8221;]<div class=\"mkdf-elements-holder   mkdf-one-column  mkdf-responsive-mode-768 \" ><div class=\"mkdf-eh-item mkdf-appearing-section mkdf-eh-item-project   \" style=\"background-color: #DD9933\" data-item-class=\"mkdf-eh-custom-4684\" data-1367-1600=\"76px 112px 85px 106px\" data-1025-1366=\"76px 90px 85px 90px\" data-769-1024=\"76px 280px 85px 86px\" data-681-768=\"76px 110px 85px 120px\" data-680=\"35px 20px 45px 22px\">\n\t<div class=\"mkdf-eh-item-inner\">\n\t\t<div class=\"mkdf-eh-item-content mkdf-eh-custom-4684\" style=\"padding: 76px 100px 85px 106px\">\n\t\t\t<div class=\"mkdf-section-title-holder  mkdf-st-standard mkdf-st-title-left mkdf-st-normal-space \" >\n\t<div class=\"mkdf-st-inner\">\n                    <h6 class=\"mkdf-st-intro-title\" style=\"color: #ffffff\">\n                Zapraszamy do kontaktu            <\/h6>\n        \t\t\t\t\t<h2 class=\"mkdf-st-title\" style=\"color: #ffffff\">\n\t\t\t\tPorozmawiajmy\t\t\t<\/h2>\n\t\t\t\t\t\t\t<h5 class=\"mkdf-st-text\" style=\"color: #ffffff;font-size: 18px;line-height: 26px;font-weight: 400;margin-top: 20px\">\n\t\t\t\tNasz zaanga\u017cowany zesp\u00f3\u0142 ds. zarz\u0105dzania projektami dysponuje bogatym do\u015bwiadczeniem i stosuje proces opracowany i udoskonalony na przestrzeni 35 lat pracy nad projektami r\u00f3\u017cnej wielko\u015bci.\t\t\t<\/h5>\n\t\t\t<\/div>\n<\/div>[vc_empty_space]<a itemprop=\"url\" href=\"https:\/\/fessgroup.pl\/index.php\/kontakt\/\" target=\"_self\" style=\"color: #f86b24;background-color: #ffffff;border-color: #ffffff;padding: 7px 38px\" class=\"mkdf-btn mkdf-btn-medium mkdf-btn-solid mkdf-btn-custom-hover-color\" data-hover-color=\"#f86b24\" >\n    <span class=\"mkdf-btn-text\">Skontaktuj si\u0119 z nami<\/span>\n    <\/a>\t\t<\/div>\n\t<\/div>\n<\/div><\/div>[\/vc_column][\/vc_row]<\/p>\n<\/div>","protected":false},"excerpt":{"rendered":"<p>[vc_row row_content_width=&#8221;grid&#8221; row_btt_skin=&#8221;light&#8221; row_background_text_position=&#8221;front&#8221;][vc_column][vc_column_text css=&#8221;&#8221;]Bran\u017ca spo\u017cywcza stale si\u0119 rozwija, a producenci \u017cywno\u015bci i napoj\u00f3w nieustannie reaguj\u0105 na zmieniaj\u0105ce si\u0119 zapotrzebowanie i trendy. Innowacyjna firma The Tofoo Co. z Malton zwr\u00f3ci\u0142a si\u0119 do nas z pro\u015bb\u0105 o wycen\u0119 kompleksowej instalacji, zabezpieczenia [&hellip;]<\/p>\n","protected":false},"author":1,"featured_media":0,"parent":0,"menu_order":0,"comment_status":"closed","ping_status":"closed","template":"full-width.php","meta":{"footnotes":""},"class_list":["post-7801","page","type-page","status-publish","hentry"],"_links":{"self":[{"href":"https:\/\/fessgroup.pl\/index.php\/wp-json\/wp\/v2\/pages\/7801","targetHints":{"allow":["GET"]}}],"collection":[{"href":"https:\/\/fessgroup.pl\/index.php\/wp-json\/wp\/v2\/pages"}],"about":[{"href":"https:\/\/fessgroup.pl\/index.php\/wp-json\/wp\/v2\/types\/page"}],"author":[{"embeddable":true,"href":"https:\/\/fessgroup.pl\/index.php\/wp-json\/wp\/v2\/users\/1"}],"replies":[{"embeddable":true,"href":"https:\/\/fessgroup.pl\/index.php\/wp-json\/wp\/v2\/comments?post=7801"}],"version-history":[{"count":22,"href":"https:\/\/fessgroup.pl\/index.php\/wp-json\/wp\/v2\/pages\/7801\/revisions"}],"predecessor-version":[{"id":8007,"href":"https:\/\/fessgroup.pl\/index.php\/wp-json\/wp\/v2\/pages\/7801\/revisions\/8007"}],"wp:attachment":[{"href":"https:\/\/fessgroup.pl\/index.php\/wp-json\/wp\/v2\/media?parent=7801"}],"curies":[{"name":"wp","href":"https:\/\/api.w.org\/{rel}","templated":true}]}}