{"id":7800,"date":"2025-11-20T10:45:12","date_gmt":"2025-11-20T09:45:12","guid":{"rendered":"https:\/\/braga.one\/fessgroup\/?page_id=7800"},"modified":"2026-03-16T19:05:16","modified_gmt":"2026-03-16T18:05:16","slug":"produkcja-zywnosci-rozwoj-i-modernizacja","status":"publish","type":"page","link":"https:\/\/fessgroup.pl\/index.php\/produkcja-zywnosci-rozwoj-i-modernizacja\/","title":{"rendered":"Produkcja \u017cywno\u015bci: rozw\u00f3j i modernizacja"},"content":{"rendered":"<div class=\"wpb-content-wrapper\"><p>[vc_row row_content_width=&#8221;grid&#8221; row_btt_skin=&#8221;light&#8221; row_background_text_position=&#8221;front&#8221;][vc_column][vc_column_text css=&#8221;&#8221;]Bran\u017ca produkcji \u017cywno\u015bci wymaga nowoczesnych maszyn i system\u00f3w, kt\u00f3re spe\u0142niaj\u0105 normy bezpiecze\u0144stwa i higieny pracy oraz zapewniaj\u0105 wysok\u0105 jako\u015b\u0107 produkt\u00f3w. Klient poprosi\u0142 nas o wizyt\u0119 w zak\u0142adzie i om\u00f3wienie potencjalnego projektu modernizacji, kt\u00f3ry mogliby\u015bmy wsp\u00f3lnie zrealizowa\u0107. Ogromna skala projektu wymaga\u0142a zaanga\u017cowania wszystkich si\u0142 zar\u00f3wno ze strony FESS Group, jak i klienta, aby osi\u0105gn\u0105\u0107 z\u0142o\u017cone[\/vc_column_text][\/vc_column][\/vc_row][vc_row row_btt_skin=&#8221;light&#8221; row_background_text_position=&#8221;front&#8221;][vc_column][vc_empty_space height=&#8221;52px&#8221;][\/vc_column][\/vc_row][vc_row row_content_width=&#8221;grid&#8221; row_btt_skin=&#8221;light&#8221; row_background_text_position=&#8221;front&#8221;][vc_column width=&#8221;2\/3&#8243;][vc_empty_space height=&#8221;52px&#8221;][vc_column_text css=&#8221;&#8221;]<\/p>\n<h4>Wyzwania<\/h4>\n<p>Projekt by\u0142 dla firmy czym\u015b zupe\u0142nie nowym; nigdy wcze\u015bniej go nie wdra\u017cali i nie mieli wiedzy, aby podej\u015b\u0107 do niego z pe\u0142nym zaanga\u017cowaniem. Po wizycie na miejscu byli\u015bmy przekonani, \u017ce b\u0119dziemy w stanie skutecznie zrealizowa\u0107 za\u0142o\u017cenia projektu, aby klient osi\u0105gn\u0105\u0142 swoje cele. W tym czasie firma przechodzi\u0142a proces rebrandingu, maj\u0105cy na celu od\u015bwie\u017cenie identyfikacji wizualnej i wizerunku marki. W rezultacie firma mia\u0142a podpisany kontrakt na du\u017c\u0105 inwestycj\u0119.[\/vc_column_text][\/vc_column][vc_column width=&#8221;1\/3&#8243;][vc_single_image image=&#8221;7848&#8243; img_size=&#8221;full&#8221; style=&#8221;vc_box_outline_circle_2&#8243; css=&#8221;&#8221;][\/vc_column][\/vc_row][vc_row row_btt_skin=&#8221;light&#8221; row_background_text_position=&#8221;front&#8221;][vc_column][vc_empty_space height=&#8221;52px&#8221;][\/vc_column][\/vc_row][vc_row row_content_width=&#8221;grid&#8221; row_btt_skin=&#8221;light&#8221; row_background_text_position=&#8221;front&#8221;][vc_column width=&#8221;1\/4&#8243;][vc_single_image image=&#8221;7847&#8243; img_size=&#8221;full&#8221; style=&#8221;vc_box_outline_circle_2&#8243; css=&#8221;&#8221;][\/vc_column][vc_column width=&#8221;3\/4&#8243;][vc_empty_space height=&#8221;52px&#8221;][vc_column_text css=&#8221;&#8221;]<\/p>\n<h4>Systemy mechaniczne<\/h4>\n<p>Nasza propozycja przetargowa odnios\u0142a sukces; klient by\u0142 zachwycony naszymi pomys\u0142ami na unowocze\u015bnienie technologii i rozw\u00f3j firmy. Wykonali\u015bmy wszystkie niezb\u0119dne us\u0142ugi, aby zrealizowa\u0107 projekt na najwy\u017cszym poziomie. Obejmowa\u0142y one produkcj\u0119, automatyzacj\u0119 procesu oraz projektowanie i zarz\u0105dzanie ca\u0142ym projektem. Kierownik ds. in\u017cynierii, John Evans, powiedzia\u0142: \u201eBez cienia w\u0105tpliwo\u015bci by\u0142em przekonany, \u017ce FESS da rad\u0119. Wiedzieli, jak zarz\u0105dza\u0107 i prowadzi\u0107 projekt o takiej skali, co znacznie u\u0142atwi\u0142o mi \u017cycie i poprawi\u0142o jego jako\u015b\u0107. Zawsze b\u0119d\u0119 korzysta\u0142 z us\u0142ug FESS w przysz\u0142o\u015bci\u201d.[\/vc_column_text][\/vc_column][\/vc_row][vc_row row_btt_skin=&#8221;light&#8221; row_background_text_position=&#8221;front&#8221;][vc_column][vc_empty_space height=&#8221;152px&#8221;][\/vc_column][\/vc_row][vc_row row_content_width=&#8221;grid&#8221; row_btt_skin=&#8221;light&#8221; disable_background_image=&#8221;&#8221; row_background_text_position=&#8221;front&#8221; row_skin=&#8221;dark&#8221; css=&#8221;.vc_custom_1763632704264{padding-top: 113px !important;padding-bottom: 113px !important;}&#8221; simple_background_image=&#8221;6829&#8243; simple_background_color=&#8221;#DD9933&#8243;][vc_column offset=&#8221;vc_col-lg-offset-6 vc_col-lg-6&#8243; css=&#8221;.vc_custom_1552640997654{padding-right: 15px !important;padding-left: 28px !important;}&#8221; el_class=&#8221;.mkdf-different-button-hover&#8221;]<div class=\"mkdf-elements-holder   mkdf-one-column  mkdf-responsive-mode-768 \" ><div class=\"mkdf-eh-item mkdf-appearing-section mkdf-eh-item-project   \" style=\"background-color: #DD9933\" data-item-class=\"mkdf-eh-custom-8770\" data-1367-1600=\"76px 112px 85px 106px\" data-1025-1366=\"76px 90px 85px 90px\" data-769-1024=\"76px 280px 85px 86px\" data-681-768=\"76px 110px 85px 120px\" data-680=\"35px 20px 45px 22px\">\n\t<div class=\"mkdf-eh-item-inner\">\n\t\t<div class=\"mkdf-eh-item-content mkdf-eh-custom-8770\" style=\"padding: 76px 100px 85px 106px\">\n\t\t\t<div class=\"mkdf-section-title-holder  mkdf-st-standard mkdf-st-title-left mkdf-st-normal-space \" >\n\t<div class=\"mkdf-st-inner\">\n                    <h6 class=\"mkdf-st-intro-title\" style=\"color: #ffffff\">\n                Zapraszamy do kontaktu            <\/h6>\n        \t\t\t\t\t<h2 class=\"mkdf-st-title\" style=\"color: #ffffff\">\n\t\t\t\tPorozmawiajmy\t\t\t<\/h2>\n\t\t\t\t\t\t\t<h5 class=\"mkdf-st-text\" style=\"color: #ffffff;font-size: 18px;line-height: 26px;font-weight: 400;margin-top: 20px\">\n\t\t\t\tNasz zaanga\u017cowany zesp\u00f3\u0142 ds. zarz\u0105dzania projektami dysponuje bogatym do\u015bwiadczeniem i stosuje proces opracowany i udoskonalony na przestrzeni 35 lat pracy nad projektami r\u00f3\u017cnej wielko\u015bci.\t\t\t<\/h5>\n\t\t\t<\/div>\n<\/div>[vc_empty_space]<a itemprop=\"url\" href=\"https:\/\/fessgroup.pl\/index.php\/kontakt\/\" target=\"_self\" style=\"color: #f86b24;background-color: #ffffff;border-color: #ffffff;padding: 7px 38px\" class=\"mkdf-btn mkdf-btn-medium mkdf-btn-solid mkdf-btn-custom-hover-color\" data-hover-color=\"#f86b24\" >\n    <span class=\"mkdf-btn-text\">Skontaktuj si\u0119 z nami<\/span>\n    <\/a>\t\t<\/div>\n\t<\/div>\n<\/div><\/div>[\/vc_column][\/vc_row]<\/p>\n<\/div>","protected":false},"excerpt":{"rendered":"<p>[vc_row row_content_width=&#8221;grid&#8221; row_btt_skin=&#8221;light&#8221; row_background_text_position=&#8221;front&#8221;][vc_column][vc_column_text css=&#8221;&#8221;]Bran\u017ca produkcji \u017cywno\u015bci wymaga nowoczesnych maszyn i system\u00f3w, kt\u00f3re spe\u0142niaj\u0105 normy bezpiecze\u0144stwa i higieny pracy oraz zapewniaj\u0105 wysok\u0105 jako\u015b\u0107 produkt\u00f3w. Klient poprosi\u0142 nas o wizyt\u0119 w zak\u0142adzie i om\u00f3wienie potencjalnego projektu modernizacji, kt\u00f3ry mogliby\u015bmy wsp\u00f3lnie zrealizowa\u0107. [&hellip;]<\/p>\n","protected":false},"author":1,"featured_media":0,"parent":0,"menu_order":0,"comment_status":"closed","ping_status":"closed","template":"full-width.php","meta":{"footnotes":""},"class_list":["post-7800","page","type-page","status-publish","hentry"],"_links":{"self":[{"href":"https:\/\/fessgroup.pl\/index.php\/wp-json\/wp\/v2\/pages\/7800","targetHints":{"allow":["GET"]}}],"collection":[{"href":"https:\/\/fessgroup.pl\/index.php\/wp-json\/wp\/v2\/pages"}],"about":[{"href":"https:\/\/fessgroup.pl\/index.php\/wp-json\/wp\/v2\/types\/page"}],"author":[{"embeddable":true,"href":"https:\/\/fessgroup.pl\/index.php\/wp-json\/wp\/v2\/users\/1"}],"replies":[{"embeddable":true,"href":"https:\/\/fessgroup.pl\/index.php\/wp-json\/wp\/v2\/comments?post=7800"}],"version-history":[{"count":5,"href":"https:\/\/fessgroup.pl\/index.php\/wp-json\/wp\/v2\/pages\/7800\/revisions"}],"predecessor-version":[{"id":7966,"href":"https:\/\/fessgroup.pl\/index.php\/wp-json\/wp\/v2\/pages\/7800\/revisions\/7966"}],"wp:attachment":[{"href":"https:\/\/fessgroup.pl\/index.php\/wp-json\/wp\/v2\/media?parent=7800"}],"curies":[{"name":"wp","href":"https:\/\/api.w.org\/{rel}","templated":true}]}}