{"id":7799,"date":"2025-11-20T10:45:15","date_gmt":"2025-11-20T09:45:15","guid":{"rendered":"https:\/\/braga.one\/fessgroup\/?page_id=7799"},"modified":"2026-03-16T19:16:58","modified_gmt":"2026-03-16T18:16:58","slug":"ekologia-redukcja-sladu-weglowego","status":"publish","type":"page","link":"https:\/\/fessgroup.pl\/index.php\/ekologia-redukcja-sladu-weglowego\/","title":{"rendered":"Ekologia: redukcja \u015bladu w\u0119glowego"},"content":{"rendered":"<div class=\"wpb-content-wrapper\"><p>[vc_row row_content_width=&#8221;grid&#8221; row_btt_skin=&#8221;light&#8221; row_background_text_position=&#8221;front&#8221;][vc_column][vc_column_text css=&#8221;&#8221;]Maj\u0105c na uwadze, \u017ce prawda o zmianach klimatu i naszym \u015brodowisku jest powszechnie znana, naszym wsp\u00f3lnym obowi\u0105zkiem jest poprawa zr\u00f3wnowa\u017conego rozwoju w r\u00f3\u017cnych aspektach naszego \u017cycia. Miejsce pracy to doskona\u0142y punkt wyj\u015bcia. Cel ten mo\u017cna osi\u0105gn\u0105\u0107 poprzez modernizacj\u0119 i udoskonalanie istniej\u0105cych system\u00f3w i sprz\u0119tu.[\/vc_column_text][\/vc_column][\/vc_row][vc_row row_btt_skin=&#8221;light&#8221; row_background_text_position=&#8221;front&#8221;][vc_column][vc_empty_space height=&#8221;52px&#8221;][\/vc_column][\/vc_row][vc_row row_content_width=&#8221;grid&#8221; row_btt_skin=&#8221;light&#8221; row_background_text_position=&#8221;front&#8221;][vc_column width=&#8221;2\/3&#8243;][vc_empty_space height=&#8221;52px&#8221;][vc_column_text css=&#8221;&#8221;]<\/p>\n<h4>Wyzwania<\/h4>\n<p>W ramach programu modernizacji fabryki i walidacji programu ESOS (Energy Savings Opportunities Scheme) poproszono nas o modernizacj\u0119 kot\u0142a klienta. Przed zakupem nowego sprz\u0119tu musieli\u015bmy zrozumie\u0107, dlaczego obecny kocio\u0142 jest nieefektywny. Maj\u0105c to na uwadze, przeszukali\u015bmy rynek w poszukiwaniu kot\u0142a, kt\u00f3ry najlepiej odpowiada\u0142by potrzebom klienta. Priorytetem by\u0142a dla nas r\u00f3wnie\u017c efektywno\u015b\u0107 energetyczna klienta, aby poprawi\u0107 og\u00f3ln\u0105 zr\u00f3wnowa\u017cono\u015b\u0107 jego zak\u0142adu.[\/vc_column_text][\/vc_column][vc_column width=&#8221;1\/3&#8243;][vc_single_image image=&#8221;7844&#8243; img_size=&#8221;full&#8221; style=&#8221;vc_box_outline_circle_2&#8243; css=&#8221;&#8221;][\/vc_column][\/vc_row][vc_row row_btt_skin=&#8221;light&#8221; row_background_text_position=&#8221;front&#8221;][vc_column][vc_empty_space height=&#8221;52px&#8221;][\/vc_column][\/vc_row][vc_row row_content_width=&#8221;grid&#8221; row_btt_skin=&#8221;light&#8221; row_background_text_position=&#8221;front&#8221;][vc_column width=&#8221;1\/4&#8243;][vc_single_image image=&#8221;7844&#8243; img_size=&#8221;full&#8221; style=&#8221;vc_box_outline_circle_2&#8243; css=&#8221;&#8221;][\/vc_column][vc_column width=&#8221;3\/4&#8243;][vc_empty_space height=&#8221;52px&#8221;][vc_column_text css=&#8221;&#8221;]<\/p>\n<h4>Systemy mechaniczne<\/h4>\n<p>W ka\u017cdym projekcie wa\u017cne jest, aby jednocze\u015bnie zaanga\u017cowa\u0107 wszystkie odpowiednie osoby. Dzi\u0119ki wsp\u00f3\u0142pracy z klientem osi\u0105gn\u0119li\u015bmy doskona\u0142e rezultaty. Z my\u015bl\u0105 o rozszerzeniu dzia\u0142alno\u015bci, klient zakupi\u0142 wi\u0119kszy kocio\u0142 z ulepszonymi funkcjami BG-03. Kocio\u0142 zapewni\u0142 r\u00f3wnie\u017c bardzo nisk\u0105 emisj\u0119 NOX; odpowiadaj\u0105c\u0105 180 tonom w\u0119gla w atmosferze, w por\u00f3wnaniu z tysi\u0105cami ton wcze\u015bniej. Wprowadzili\u015bmy w systemie odwr\u00f3con\u0105 osmoz\u0119, kt\u00f3ra zredukowa\u0142a ca\u0142kowit\u0105 ilo\u015b\u0107 rozpuszczonych substancji sta\u0142ych w kotle do minimum, oszcz\u0119dzaj\u0105c w ten spos\u00f3b palnik do podgrzewania \u201ebrudnej wody\u201d.[\/vc_column_text][\/vc_column][\/vc_row][vc_row row_btt_skin=&#8221;light&#8221; row_background_text_position=&#8221;front&#8221;][vc_column][vc_empty_space height=&#8221;152px&#8221;][\/vc_column][\/vc_row][vc_row row_content_width=&#8221;grid&#8221; row_btt_skin=&#8221;light&#8221; disable_background_image=&#8221;&#8221; row_background_text_position=&#8221;front&#8221; row_skin=&#8221;dark&#8221; css=&#8221;.vc_custom_1763632704264{padding-top: 113px !important;padding-bottom: 113px !important;}&#8221; simple_background_image=&#8221;6829&#8243; simple_background_color=&#8221;#DD9933&#8243;][vc_column offset=&#8221;vc_col-lg-offset-6 vc_col-lg-6&#8243; css=&#8221;.vc_custom_1552640997654{padding-right: 15px !important;padding-left: 28px !important;}&#8221; el_class=&#8221;.mkdf-different-button-hover&#8221;]<div class=\"mkdf-elements-holder   mkdf-one-column  mkdf-responsive-mode-768 \" ><div class=\"mkdf-eh-item mkdf-appearing-section mkdf-eh-item-project   \" style=\"background-color: #DD9933\" data-item-class=\"mkdf-eh-custom-7337\" data-1367-1600=\"76px 112px 85px 106px\" data-1025-1366=\"76px 90px 85px 90px\" data-769-1024=\"76px 280px 85px 86px\" data-681-768=\"76px 110px 85px 120px\" data-680=\"35px 20px 45px 22px\">\n\t<div class=\"mkdf-eh-item-inner\">\n\t\t<div class=\"mkdf-eh-item-content mkdf-eh-custom-7337\" style=\"padding: 76px 100px 85px 106px\">\n\t\t\t<div class=\"mkdf-section-title-holder  mkdf-st-standard mkdf-st-title-left mkdf-st-normal-space \" >\n\t<div class=\"mkdf-st-inner\">\n                    <h6 class=\"mkdf-st-intro-title\" style=\"color: #ffffff\">\n                Zapraszamy do kontaktu            <\/h6>\n        \t\t\t\t\t<h2 class=\"mkdf-st-title\" style=\"color: #ffffff\">\n\t\t\t\tPorozmawiajmy\t\t\t<\/h2>\n\t\t\t\t\t\t\t<h5 class=\"mkdf-st-text\" style=\"color: #ffffff;font-size: 18px;line-height: 26px;font-weight: 400;margin-top: 20px\">\n\t\t\t\tNasz zaanga\u017cowany zesp\u00f3\u0142 ds. zarz\u0105dzania projektami dysponuje bogatym do\u015bwiadczeniem i stosuje proces opracowany i udoskonalony na przestrzeni 35 lat pracy nad projektami r\u00f3\u017cnej wielko\u015bci.\t\t\t<\/h5>\n\t\t\t<\/div>\n<\/div>[vc_empty_space]<a itemprop=\"url\" href=\"https:\/\/fessgroup.pl\/index.php\/kontakt\/\" target=\"_self\" style=\"color: #f86b24;background-color: #ffffff;border-color: #ffffff;padding: 7px 38px\" class=\"mkdf-btn mkdf-btn-medium mkdf-btn-solid mkdf-btn-custom-hover-color\" data-hover-color=\"#f86b24\" >\n    <span class=\"mkdf-btn-text\">Skontaktuj si\u0119 z nami<\/span>\n    <\/a>\t\t<\/div>\n\t<\/div>\n<\/div><\/div>[\/vc_column][\/vc_row]<\/p>\n<\/div>","protected":false},"excerpt":{"rendered":"<p>[vc_row row_content_width=&#8221;grid&#8221; row_btt_skin=&#8221;light&#8221; row_background_text_position=&#8221;front&#8221;][vc_column][vc_column_text css=&#8221;&#8221;]Maj\u0105c na uwadze, \u017ce prawda o zmianach klimatu i naszym \u015brodowisku jest powszechnie znana, naszym wsp\u00f3lnym obowi\u0105zkiem jest poprawa zr\u00f3wnowa\u017conego rozwoju w r\u00f3\u017cnych aspektach naszego \u017cycia. Miejsce pracy to doskona\u0142y punkt wyj\u015bcia. Cel ten mo\u017cna osi\u0105gn\u0105\u0107 [&hellip;]<\/p>\n","protected":false},"author":1,"featured_media":0,"parent":0,"menu_order":0,"comment_status":"closed","ping_status":"closed","template":"full-width.php","meta":{"footnotes":""},"class_list":["post-7799","page","type-page","status-publish","hentry"],"_links":{"self":[{"href":"https:\/\/fessgroup.pl\/index.php\/wp-json\/wp\/v2\/pages\/7799","targetHints":{"allow":["GET"]}}],"collection":[{"href":"https:\/\/fessgroup.pl\/index.php\/wp-json\/wp\/v2\/pages"}],"about":[{"href":"https:\/\/fessgroup.pl\/index.php\/wp-json\/wp\/v2\/types\/page"}],"author":[{"embeddable":true,"href":"https:\/\/fessgroup.pl\/index.php\/wp-json\/wp\/v2\/users\/1"}],"replies":[{"embeddable":true,"href":"https:\/\/fessgroup.pl\/index.php\/wp-json\/wp\/v2\/comments?post=7799"}],"version-history":[{"count":5,"href":"https:\/\/fessgroup.pl\/index.php\/wp-json\/wp\/v2\/pages\/7799\/revisions"}],"predecessor-version":[{"id":8006,"href":"https:\/\/fessgroup.pl\/index.php\/wp-json\/wp\/v2\/pages\/7799\/revisions\/8006"}],"wp:attachment":[{"href":"https:\/\/fessgroup.pl\/index.php\/wp-json\/wp\/v2\/media?parent=7799"}],"curies":[{"name":"wp","href":"https:\/\/api.w.org\/{rel}","templated":true}]}}