{"id":7798,"date":"2025-11-20T10:45:18","date_gmt":"2025-11-20T09:45:18","guid":{"rendered":"https:\/\/braga.one\/fessgroup\/?page_id=7798"},"modified":"2026-03-16T18:20:29","modified_gmt":"2026-03-16T17:20:29","slug":"aktywa-wycofujace-z-eksploatacji-przenoszenie-maszyn","status":"publish","type":"page","link":"https:\/\/fessgroup.pl\/index.php\/aktywa-wycofujace-z-eksploatacji-przenoszenie-maszyn\/","title":{"rendered":"Aktywa wycofuj\u0105ce z eksploatacji: Przenoszenie maszyn"},"content":{"rendered":"<div class=\"wpb-content-wrapper\"><p>[vc_row row_content_width=&#8221;grid&#8221; row_btt_skin=&#8221;light&#8221; row_background_text_position=&#8221;front&#8221;][vc_column][vc_column_text css=&#8221;&#8221;]Wycofanie aktyw\u00f3w z eksploatacji to ogromne zadanie. Wymaga precyzyjnego planowania, aby zapewni\u0107 utrzymanie wszystkich cz\u0119\u015bci w stanie nieuszkodzonym i bezpieczny transport. Ze wzgl\u0119du na wysoki poziom ryzyka, przeprowadzamy szczeg\u00f3\u0142ow\u0105 ocen\u0119 ryzyka, aby zapewni\u0107 maksymalne bezpiecze\u0144stwo procesu. Wykorzystuj\u0105c nasze do\u015bwiadczenie, mo\u017cemy przej\u0105\u0107 pe\u0142n\u0105 odpowiedzialno\u015b\u0107 za Pa\u0144stwa obiekt wymagaj\u0105cy ca\u0142kowitego lub cz\u0119\u015bciowego wycofania aktyw\u00f3w z eksploatacji.[\/vc_column_text][\/vc_column][\/vc_row][vc_row row_btt_skin=&#8221;light&#8221; row_background_text_position=&#8221;front&#8221;][vc_column][vc_empty_space height=&#8221;52px&#8221;][\/vc_column][\/vc_row][vc_row row_content_width=&#8221;grid&#8221; row_btt_skin=&#8221;light&#8221; row_background_text_position=&#8221;front&#8221;][vc_column width=&#8221;2\/3&#8243;][vc_empty_space height=&#8221;52px&#8221;][vc_column_text css=&#8221;&#8221;]<\/p>\n<h4>Wyzwania<\/h4>\n<p>Klient poprosi\u0142 nas o pomoc w wycofaniu z eksploatacji aktyw\u00f3w z jego siedziby w Norwich i przeniesieniu ich do siedziby w North Yorkshire. By\u0142 to z\u0142o\u017cony proces. Klient przedstawi\u0142 szczeg\u00f3\u0142owy plan, kt\u00f3ry okre\u015bla\u0142, kt\u00f3re aktywa mia\u0142y zosta\u0107 wycofane z eksploatacji oraz ich dok\u0142adn\u0105 lokalizacj\u0119 po przeniesieniu do nowej siedziby. Od koncepcji i projektu, wykonali\u015bmy wszystkie prace zgodnie z nasz\u0105 wiedz\u0105, aby zapewni\u0107 p\u0142ynny proces wycofania z eksploatacji. By\u0142o to dla nas ekscytuj\u0105ce zadanie, kt\u00f3re \u0142\u0105czy\u0142o ludzi i procesy.[\/vc_column_text][\/vc_column][vc_column width=&#8221;1\/3&#8243;][vc_single_image image=&#8221;7840&#8243; img_size=&#8221;full&#8221; style=&#8221;vc_box_outline_circle_2&#8243; css=&#8221;&#8221;][\/vc_column][\/vc_row][vc_row row_btt_skin=&#8221;light&#8221; row_background_text_position=&#8221;front&#8221;][vc_column][vc_empty_space height=&#8221;52px&#8221;][\/vc_column][\/vc_row][vc_row row_content_width=&#8221;grid&#8221; row_btt_skin=&#8221;light&#8221; row_background_text_position=&#8221;front&#8221;][vc_column width=&#8221;1\/4&#8243;][vc_single_image image=&#8221;7839&#8243; img_size=&#8221;full&#8221; style=&#8221;vc_box_outline_circle_2&#8243; css=&#8221;&#8221;][\/vc_column][vc_column width=&#8221;3\/4&#8243;][vc_empty_space height=&#8221;52px&#8221;][vc_column_text css=&#8221;&#8221;]<\/p>\n<h4>Systemy mechaniczne<\/h4>\n<p>Sam Sheffield z fabryki w Norwich stwierdzi\u0142: \u201eDavid i grupa in\u017cynier\u00f3w, kt\u00f3rych mia\u0142 na miejscu, byli znakomici. Wszyscy pracowali profesjonalnie i metodycznie przez ca\u0142y czas trwania projektu. Od samego pocz\u0105tku byli\u015bmy w dobrych r\u0119kach i wiedzieli\u015bmy, \u017ce projekt zostanie zrealizowany od pocz\u0105tku do ko\u0144ca. Jeste\u015bmy im wdzi\u0119czni za udzia\u0142 w projekcie i z pewno\u015bci\u0105 skorzystamy z ich us\u0142ug ponownie\u201d.[\/vc_column_text][\/vc_column][\/vc_row][vc_row row_btt_skin=&#8221;light&#8221; row_background_text_position=&#8221;front&#8221;][vc_column][vc_empty_space height=&#8221;152px&#8221;][\/vc_column][\/vc_row][vc_row row_content_width=&#8221;grid&#8221; row_btt_skin=&#8221;light&#8221; disable_background_image=&#8221;&#8221; row_background_text_position=&#8221;front&#8221; row_skin=&#8221;dark&#8221; css=&#8221;.vc_custom_1763632704264{padding-top: 113px !important;padding-bottom: 113px !important;}&#8221; simple_background_image=&#8221;6829&#8243; simple_background_color=&#8221;#DD9933&#8243;][vc_column offset=&#8221;vc_col-lg-offset-6 vc_col-lg-6&#8243; css=&#8221;.vc_custom_1552640997654{padding-right: 15px !important;padding-left: 28px !important;}&#8221; el_class=&#8221;.mkdf-different-button-hover&#8221;]<div class=\"mkdf-elements-holder   mkdf-one-column  mkdf-responsive-mode-768 \" ><div class=\"mkdf-eh-item mkdf-appearing-section mkdf-eh-item-project   \" style=\"background-color: #DD9933\" data-item-class=\"mkdf-eh-custom-3338\" data-1367-1600=\"76px 112px 85px 106px\" data-1025-1366=\"76px 90px 85px 90px\" data-769-1024=\"76px 280px 85px 86px\" data-681-768=\"76px 110px 85px 120px\" data-680=\"35px 20px 45px 22px\">\n\t<div class=\"mkdf-eh-item-inner\">\n\t\t<div class=\"mkdf-eh-item-content mkdf-eh-custom-3338\" style=\"padding: 76px 100px 85px 106px\">\n\t\t\t<div class=\"mkdf-section-title-holder  mkdf-st-standard mkdf-st-title-left mkdf-st-normal-space \" >\n\t<div class=\"mkdf-st-inner\">\n                    <h6 class=\"mkdf-st-intro-title\" style=\"color: #ffffff\">\n                Zapraszamy do kontaktu            <\/h6>\n        \t\t\t\t\t<h2 class=\"mkdf-st-title\" style=\"color: #ffffff\">\n\t\t\t\tPorozmawiajmy\t\t\t<\/h2>\n\t\t\t\t\t\t\t<h5 class=\"mkdf-st-text\" style=\"color: #ffffff;font-size: 18px;line-height: 26px;font-weight: 400;margin-top: 20px\">\n\t\t\t\tNasz zaanga\u017cowany zesp\u00f3\u0142 ds. zarz\u0105dzania projektami dysponuje bogatym do\u015bwiadczeniem i stosuje proces opracowany i udoskonalony na przestrzeni 35 lat pracy nad projektami r\u00f3\u017cnej wielko\u015bci.\t\t\t<\/h5>\n\t\t\t<\/div>\n<\/div>[vc_empty_space]<a itemprop=\"url\" href=\"https:\/\/fessgroup.pl\/index.php\/kontakt\/\" target=\"_self\" style=\"color: #f86b24;background-color: #ffffff;border-color: #ffffff;padding: 7px 38px\" class=\"mkdf-btn mkdf-btn-medium mkdf-btn-solid mkdf-btn-custom-hover-color\" data-hover-color=\"#f86b24\" >\n    <span class=\"mkdf-btn-text\">Skontaktuj si\u0119 z nami<\/span>\n    <\/a>\t\t<\/div>\n\t<\/div>\n<\/div><\/div>[\/vc_column][\/vc_row]<\/p>\n<\/div>","protected":false},"excerpt":{"rendered":"<p>[vc_row row_content_width=&#8221;grid&#8221; row_btt_skin=&#8221;light&#8221; row_background_text_position=&#8221;front&#8221;][vc_column][vc_column_text css=&#8221;&#8221;]Wycofanie aktyw\u00f3w z eksploatacji to ogromne zadanie. Wymaga precyzyjnego planowania, aby zapewni\u0107 utrzymanie wszystkich cz\u0119\u015bci w stanie nieuszkodzonym i bezpieczny transport. Ze wzgl\u0119du na wysoki poziom ryzyka, przeprowadzamy szczeg\u00f3\u0142ow\u0105 ocen\u0119 ryzyka, aby zapewni\u0107 maksymalne bezpiecze\u0144stwo procesu. [&hellip;]<\/p>\n","protected":false},"author":1,"featured_media":0,"parent":0,"menu_order":0,"comment_status":"closed","ping_status":"closed","template":"full-width.php","meta":{"footnotes":""},"class_list":["post-7798","page","type-page","status-publish","hentry"],"_links":{"self":[{"href":"https:\/\/fessgroup.pl\/index.php\/wp-json\/wp\/v2\/pages\/7798","targetHints":{"allow":["GET"]}}],"collection":[{"href":"https:\/\/fessgroup.pl\/index.php\/wp-json\/wp\/v2\/pages"}],"about":[{"href":"https:\/\/fessgroup.pl\/index.php\/wp-json\/wp\/v2\/types\/page"}],"author":[{"embeddable":true,"href":"https:\/\/fessgroup.pl\/index.php\/wp-json\/wp\/v2\/users\/1"}],"replies":[{"embeddable":true,"href":"https:\/\/fessgroup.pl\/index.php\/wp-json\/wp\/v2\/comments?post=7798"}],"version-history":[{"count":5,"href":"https:\/\/fessgroup.pl\/index.php\/wp-json\/wp\/v2\/pages\/7798\/revisions"}],"predecessor-version":[{"id":7948,"href":"https:\/\/fessgroup.pl\/index.php\/wp-json\/wp\/v2\/pages\/7798\/revisions\/7948"}],"wp:attachment":[{"href":"https:\/\/fessgroup.pl\/index.php\/wp-json\/wp\/v2\/media?parent=7798"}],"curies":[{"name":"wp","href":"https:\/\/api.w.org\/{rel}","templated":true}]}}