{"id":7797,"date":"2025-11-20T10:45:20","date_gmt":"2025-11-20T09:45:20","guid":{"rendered":"https:\/\/braga.one\/fessgroup\/?page_id=7797"},"modified":"2026-03-16T18:58:44","modified_gmt":"2026-03-16T17:58:44","slug":"remont-instalacji-elektrycznej-tablica-rozdzielcza-i-nowe-okablowanie","status":"publish","type":"page","link":"https:\/\/fessgroup.pl\/index.php\/remont-instalacji-elektrycznej-tablica-rozdzielcza-i-nowe-okablowanie\/","title":{"rendered":"Remont instalacji elektrycznej: tablica rozdzielcza i nowe okablowanie"},"content":{"rendered":"<div class=\"wpb-content-wrapper\"><p>[vc_row row_content_width=&#8221;grid&#8221; row_btt_skin=&#8221;light&#8221; row_background_text_position=&#8221;front&#8221;][vc_column][vc_column_text css=&#8221;&#8221;]W bran\u017cy przetw\u00f3rstwa spo\u017cywczego posiadanie nowoczesnego sprz\u0119tu elektrycznego i obwod\u00f3w elektrycznych jest kluczowe dla pe\u0142nej wydajno\u015bci operacyjnej. Aby Twoja firma by\u0142a jak najbardziej produktywna, musisz regularnie regulowa\u0107 stan instalacji elektrycznych i sprawdza\u0107 ich dzia\u0142anie, aby zapewni\u0107 ich wysoki standard. To gwarantuje, \u017ce dzia\u0142asz bezpiecznie i zgodnie z harmonogramem, aby osi\u0105ga\u0107 za\u0142o\u017cone wyniki.[\/vc_column_text][\/vc_column][\/vc_row][vc_row row_btt_skin=&#8221;light&#8221; row_background_text_position=&#8221;front&#8221;][vc_column][vc_empty_space height=&#8221;52px&#8221;][\/vc_column][\/vc_row][vc_row row_content_width=&#8221;grid&#8221; row_btt_skin=&#8221;light&#8221; row_background_text_position=&#8221;front&#8221;][vc_column width=&#8221;2\/3&#8243;][vc_empty_space height=&#8221;52px&#8221;][vc_column_text css=&#8221;&#8221;]<\/p>\n<h4><strong>Wyzwania<\/strong><\/h4>\n<p>Z\u0142o\u017cyli\u015bmy ofert\u0119 dla firmy elektrycznej na projekt, kt\u00f3ry obejmowa\u0142 kompleksow\u0105 wymian\u0119 instalacji elektrycznej w budynku oraz dostarczenie okablowania serwisowego \u2013 wraz z ca\u0142\u0105 izolacj\u0105. By\u0142o to wa\u017cne zadanie dla FESS, poniewa\u017c proces, kt\u00f3ry musieli\u015bmy przeprowadzi\u0107, gwarantowa\u0142 zachowanie integralno\u015bci marki klienta w Wielkiej Brytanii. Aby zapewni\u0107 klientowi pe\u0142n\u0105 wydajno\u015b\u0107, musieli\u015bmy wymieni\u0107 instalacj\u0119 elektryczn\u0105, minimalizuj\u0105c w ten spos\u00f3b zak\u0142\u00f3cenia w pracy pracownik\u00f3w; by\u0142o to du\u017ce wyzwanie w przypadku tak du\u017cego projektu.[\/vc_column_text][\/vc_column][vc_column width=&#8221;1\/3&#8243;][vc_single_image image=&#8221;7836&#8243; img_size=&#8221;full&#8221; style=&#8221;vc_box_outline_circle_2&#8243; css=&#8221;&#8221;][\/vc_column][\/vc_row][vc_row row_btt_skin=&#8221;light&#8221; row_background_text_position=&#8221;front&#8221;][vc_column][vc_empty_space height=&#8221;52px&#8221;][\/vc_column][\/vc_row][vc_row row_content_width=&#8221;grid&#8221; row_btt_skin=&#8221;light&#8221; row_background_text_position=&#8221;front&#8221;][vc_column width=&#8221;1\/4&#8243;][vc_single_image image=&#8221;7837&#8243; img_size=&#8221;full&#8221; style=&#8221;vc_box_outline_circle_2&#8243; css=&#8221;&#8221;][\/vc_column][vc_column width=&#8221;3\/4&#8243;][vc_empty_space height=&#8221;52px&#8221;][vc_column_text css=&#8221;&#8221;]<\/p>\n<h4>Systemy mechaniczne<\/h4>\n<p>Podobnie jak w przypadku wszystkich prac elektrycznych, kt\u00f3re wykonujemy, dbamy o to, aby obci\u0105\u017cenie i odleg\u0142o\u015b\u0107 od ka\u017cdej rozdzielnicy by\u0142y precyzyjne. Korzystamy z oprogramowania TRIMBLE (obejmuj\u0105cego szereg pakiet\u00f3w oprogramowania u\u017cywanych na co dzie\u0144). Pozwala to na dok\u0142adne obliczenia kabli i uwzgl\u0119dnia zmienne, takie jak moc i wsp\u00f3\u0142czynniki grupowe. Rozdzielnica i obudowa zosta\u0142y zaprojektowane specjalnie dla nich; prace przebieg\u0142y bez zak\u0142\u00f3ce\u0144, a klient zosta\u0142 oddany do u\u017cytku na czas. Leon z CC Electrical skomentowa\u0142: \u201eWsp\u00f3\u0142praca z Davidem i jego zespo\u0142em to zawsze czysta przyjemno\u015b\u0107. Wiedz\u0105, czego chc\u0105 i jak podchodz\u0105 do powierzonego zadania. Zawsze dbaj\u0105 o terminowe wykonanie prac\u201d.[\/vc_column_text][\/vc_column][\/vc_row][vc_row row_btt_skin=&#8221;light&#8221; row_background_text_position=&#8221;front&#8221;][vc_column][vc_empty_space height=&#8221;152px&#8221;][\/vc_column][\/vc_row][vc_row row_content_width=&#8221;grid&#8221; row_btt_skin=&#8221;light&#8221; disable_background_image=&#8221;&#8221; row_background_text_position=&#8221;front&#8221; row_skin=&#8221;dark&#8221; css=&#8221;.vc_custom_1763632704264{padding-top: 113px !important;padding-bottom: 113px !important;}&#8221; simple_background_image=&#8221;6829&#8243; simple_background_color=&#8221;#DD9933&#8243;][vc_column offset=&#8221;vc_col-lg-offset-6 vc_col-lg-6&#8243; css=&#8221;.vc_custom_1552640997654{padding-right: 15px !important;padding-left: 28px !important;}&#8221; el_class=&#8221;.mkdf-different-button-hover&#8221;]<div class=\"mkdf-elements-holder   mkdf-one-column  mkdf-responsive-mode-768 \" ><div class=\"mkdf-eh-item mkdf-appearing-section mkdf-eh-item-project   \" style=\"background-color: #DD9933\" data-item-class=\"mkdf-eh-custom-6711\" data-1367-1600=\"76px 112px 85px 106px\" data-1025-1366=\"76px 90px 85px 90px\" data-769-1024=\"76px 280px 85px 86px\" data-681-768=\"76px 110px 85px 120px\" data-680=\"35px 20px 45px 22px\">\n\t<div class=\"mkdf-eh-item-inner\">\n\t\t<div class=\"mkdf-eh-item-content mkdf-eh-custom-6711\" style=\"padding: 76px 100px 85px 106px\">\n\t\t\t<div class=\"mkdf-section-title-holder  mkdf-st-standard mkdf-st-title-left mkdf-st-normal-space \" >\n\t<div class=\"mkdf-st-inner\">\n                    <h6 class=\"mkdf-st-intro-title\" style=\"color: #ffffff\">\n                Zapraszamy do kontaktu            <\/h6>\n        \t\t\t\t\t<h2 class=\"mkdf-st-title\" style=\"color: #ffffff\">\n\t\t\t\tPorozmawiajmy\t\t\t<\/h2>\n\t\t\t\t\t\t\t<h5 class=\"mkdf-st-text\" style=\"color: #ffffff;font-size: 18px;line-height: 26px;font-weight: 400;margin-top: 20px\">\n\t\t\t\tNasz zaanga\u017cowany zesp\u00f3\u0142 ds. zarz\u0105dzania projektami dysponuje bogatym do\u015bwiadczeniem i stosuje proces opracowany i udoskonalony na przestrzeni 35 lat pracy nad projektami r\u00f3\u017cnej wielko\u015bci.\t\t\t<\/h5>\n\t\t\t<\/div>\n<\/div>[vc_empty_space]<a itemprop=\"url\" href=\"https:\/\/fessgroup.pl\/index.php\/kontakt\/\" target=\"_self\" style=\"color: #f86b24;background-color: #ffffff;border-color: #ffffff;padding: 7px 38px\" class=\"mkdf-btn mkdf-btn-medium mkdf-btn-solid mkdf-btn-custom-hover-color\" data-hover-color=\"#f86b24\" >\n    <span class=\"mkdf-btn-text\">Skontaktuj si\u0119 z nami<\/span>\n    <\/a>\t\t<\/div>\n\t<\/div>\n<\/div><\/div>[\/vc_column][\/vc_row][vc_row row_btt_skin=&#8221;light&#8221; row_background_text_position=&#8221;front&#8221;][vc_column width=&#8221;1\/6&#8243;][vc_single_image image=&#8221;7696&#8243; img_size=&#8221;full&#8221; onclick=&#8221;custom_link&#8221; css=&#8221;&#8221; link=&#8221;https:\/\/fessgroup.pl\/index.php\/zarzadzanie-projektami-przemyslowymi-i-doradztwo\/&#8221;][vc_column_text css=&#8221;&#8221;]<\/p>\n<h5 style=\"text-align: center;\"><a href=\"https:\/\/fessgroup.pl\/index.php\/zarzadzanie-projektami-przemyslowymi-i-doradztwo\/\"><strong>Zarz\u0105dzanie projektami przemys\u0142owymi i doradztwo<\/strong><\/a><\/h5>\n<p>[\/vc_column_text][\/vc_column][vc_column width=&#8221;1\/6&#8243;][vc_single_image image=&#8221;7689&#8243; img_size=&#8221;full&#8221; onclick=&#8221;custom_link&#8221; css=&#8221;&#8221; link=&#8221;https:\/\/fessgroup.pl\/index.php\/projekty-zywnosci-o-wysokiej-jakosci\/&#8221;][vc_column_text css=&#8221;&#8221;]<\/p>\n<h5 style=\"text-align: center;\"><a href=\"https:\/\/fessgroup.pl\/index.php\/projekty-zywnosci-o-wysokiej-jakosci\/\"><strong>Projekty \u017cywno\u015bci o wysokiej jako\u015bci<\/strong><\/a><\/h5>\n<p>[\/vc_column_text][\/vc_column][vc_column width=&#8221;1\/6&#8243;][vc_single_image image=&#8221;7694&#8243; img_size=&#8221;full&#8221; onclick=&#8221;custom_link&#8221; css=&#8221;&#8221; link=&#8221;https:\/\/fessgroup.pl\/index.php\/uslugi-konserwacji-przemyslowej\/&#8221;][vc_column_text css=&#8221;&#8221;]<\/p>\n<h5 style=\"text-align: center;\"><a href=\"https:\/\/fessgroup.pl\/index.php\/uslugi-konserwacji-przemyslowej\/\"><strong>Us\u0142ugi konserwacji przemys\u0142owej<\/strong><\/a><\/h5>\n<p>[\/vc_column_text][\/vc_column][vc_column width=&#8221;1\/6&#8243;][vc_single_image image=&#8221;7691&#8243; img_size=&#8221;full&#8221; onclick=&#8221;custom_link&#8221; css=&#8221;&#8221; link=&#8221;https:\/\/fessgroup.pl\/index.php\/specjalisci-od-sprzetu-do-podnoszenia-i-przesuwania\/&#8221;][vc_column_text css=&#8221;&#8221;]<\/p>\n<h5 style=\"text-align: center;\"><a href=\"https:\/\/fessgroup.pl\/index.php\/specjalisci-od-sprzetu-do-podnoszenia-i-przesuwania\/\"><strong>Specjali\u015bci od sprz\u0119tu do podnoszenia i przesuwania<\/strong><\/a><\/h5>\n<p>[\/vc_column_text][\/vc_column][vc_column width=&#8221;1\/6&#8243;][vc_single_image image=&#8221;7695&#8243; img_size=&#8221;full&#8221; onclick=&#8221;custom_link&#8221; css=&#8221;&#8221; link=&#8221;https:\/\/fessgroup.pl\/index.php\/uslugi-mechaniczne-i-elektryczne\/&#8221;][vc_column_text css=&#8221;&#8221;]<\/p>\n<h5 style=\"text-align: center;\"><a href=\"https:\/\/fessgroup.pl\/index.php\/uslugi-mechaniczne-i-elektryczne\/\"><strong>Us\u0142ugi mechaniczne i elektryczne<\/strong><\/a><\/h5>\n<p>[\/vc_column_text][\/vc_column][vc_column width=&#8221;1\/6&#8243;][vc_single_image image=&#8221;7686&#8243; img_size=&#8221;full&#8221; onclick=&#8221;custom_link&#8221; css=&#8221;&#8221; link=&#8221;https:\/\/fessgroup.pl\/index.php\/budownictwo-przemyslowe\/&#8221;][vc_column_text css=&#8221;&#8221;]<\/p>\n<h5 style=\"text-align: center;\"><a href=\"https:\/\/fessgroup.pl\/index.php\/budownictwo-przemyslowe\/\"><strong>Budownictwo przemys\u0142owe<\/strong><\/a><\/h5>\n<p>[\/vc_column_text][\/vc_column][\/vc_row][vc_row row_btt_skin=&#8221;light&#8221; row_background_text_position=&#8221;front&#8221;][vc_column width=&#8221;1\/6&#8243;][vc_single_image image=&#8221;7687&#8243; img_size=&#8221;full&#8221; onclick=&#8221;custom_link&#8221; css=&#8221;&#8221; link=&#8221;https:\/\/fessgroup.pl\/index.php\/centrum-efektywnosci-produkcji\/&#8221;][vc_column_text css=&#8221;&#8221;]<\/p>\n<h5 style=\"text-align: center;\"><a href=\"https:\/\/fessgroup.pl\/index.php\/centrum-efektywnosci-produkcji\/\"><strong>Centrum Efektywno\u015bci Produkcji<\/strong><\/a><\/h5>\n<p>[\/vc_column_text][\/vc_column][vc_column width=&#8221;1\/6&#8243;][vc_single_image image=&#8221;7690&#8243; img_size=&#8221;full&#8221; onclick=&#8221;custom_link&#8221; css=&#8221;&#8221; link=&#8221;https:\/\/fessgroup.pl\/index.php\/rozwiazania-dla-procesow-przemyslowych\/&#8221;][vc_column_text css=&#8221;&#8221;]<\/p>\n<h5 style=\"text-align: center;\"><a href=\"https:\/\/fessgroup.pl\/index.php\/rozwiazania-dla-procesow-przemyslowych\/\"><strong>Rozwi\u0105zania dla proces\u00f3w przemys\u0142owych<\/strong><\/a><\/h5>\n<p>[\/vc_column_text][\/vc_column][vc_column width=&#8221;1\/6&#8243;][vc_single_image image=&#8221;7688&#8243; img_size=&#8221;full&#8221; onclick=&#8221;custom_link&#8221; css=&#8221;&#8221; link=&#8221;https:\/\/fessgroup.pl\/index.php\/procesy-koncowe-linii-produkcyjnej-pakowanie-przemyslowe\/&#8221;][vc_column_text css=&#8221;&#8221;]<\/p>\n<h5 style=\"text-align: center;\"><a href=\"https:\/\/fessgroup.pl\/index.php\/procesy-koncowe-linii-produkcyjnej-pakowanie-przemyslowe\/\"><strong>Procesy ko\u0144cowe linii produkcyjnej: pakowanie przemys\u0142owe<\/strong><\/a><\/h5>\n<p>[\/vc_column_text][\/vc_column][vc_column width=&#8221;1\/6&#8243;][vc_single_image image=&#8221;7692&#8243; img_size=&#8221;full&#8221; onclick=&#8221;custom_link&#8221; css=&#8221;&#8221; link=&#8221;https:\/\/fessgroup.pl\/index.php\/systemy-inspekcyjne-przemyslowe-wykrywanie-metali\/&#8221;][vc_column_text css=&#8221;&#8221;]<\/p>\n<h5 style=\"text-align: center;\"><a href=\"https:\/\/fessgroup.pl\/index.php\/systemy-inspekcyjne-przemyslowe-wykrywanie-metali\/\"><strong>Systemy inspekcyjne: Przemys\u0142owe wykrywanie metali<\/strong><\/a><\/h5>\n<p>[\/vc_column_text][\/vc_column][vc_column width=&#8221;1\/6&#8243;][vc_single_image image=&#8221;7693&#8243; img_size=&#8221;full&#8221; onclick=&#8221;custom_link&#8221; css=&#8221;&#8221; link=&#8221;https:\/\/fessgroup.pl\/index.php\/uslugi-komunalne-i-zrownowazony-rozwoj\/&#8221;][vc_column_text css=&#8221;&#8221;]<\/p>\n<h5 style=\"text-align: center;\"><a href=\"https:\/\/fessgroup.pl\/index.php\/uslugi-komunalne-i-zrownowazony-rozwoj\/\"><strong>Us\u0142ugi komunalne i zr\u00f3wnowa\u017cony rozw\u00f3j<\/strong><\/a><\/h5>\n<p>[\/vc_column_text][\/vc_column][vc_column width=&#8221;1\/6&#8243;][vc_single_image image=&#8221;7697&#8243; img_size=&#8221;full&#8221; onclick=&#8221;custom_link&#8221; css=&#8221;&#8221; link=&#8221;https:\/\/fessgroup.pl\/index.php\/zdrowie-i-bezpieczenstwo\/&#8221;][vc_column_text css=&#8221;&#8221;]<\/p>\n<h5 style=\"text-align: center;\"><a href=\"https:\/\/fessgroup.pl\/index.php\/zdrowie-i-bezpieczenstwo\/\"><strong>Zdrowie i bezpiecze\u0144stwo<\/strong><\/a><\/h5>\n<p>[\/vc_column_text][\/vc_column][\/vc_row]<\/p>\n<\/div>","protected":false},"excerpt":{"rendered":"<p>[vc_row row_content_width=&#8221;grid&#8221; row_btt_skin=&#8221;light&#8221; row_background_text_position=&#8221;front&#8221;][vc_column][vc_column_text css=&#8221;&#8221;]W bran\u017cy przetw\u00f3rstwa spo\u017cywczego posiadanie nowoczesnego sprz\u0119tu elektrycznego i obwod\u00f3w elektrycznych jest kluczowe dla pe\u0142nej wydajno\u015bci operacyjnej. Aby Twoja firma by\u0142a jak najbardziej produktywna, musisz regularnie regulowa\u0107 stan instalacji elektrycznych i sprawdza\u0107 ich dzia\u0142anie, aby zapewni\u0107 [&hellip;]<\/p>\n","protected":false},"author":1,"featured_media":0,"parent":0,"menu_order":0,"comment_status":"closed","ping_status":"closed","template":"full-width.php","meta":{"footnotes":""},"class_list":["post-7797","page","type-page","status-publish","hentry"],"_links":{"self":[{"href":"https:\/\/fessgroup.pl\/index.php\/wp-json\/wp\/v2\/pages\/7797","targetHints":{"allow":["GET"]}}],"collection":[{"href":"https:\/\/fessgroup.pl\/index.php\/wp-json\/wp\/v2\/pages"}],"about":[{"href":"https:\/\/fessgroup.pl\/index.php\/wp-json\/wp\/v2\/types\/page"}],"author":[{"embeddable":true,"href":"https:\/\/fessgroup.pl\/index.php\/wp-json\/wp\/v2\/users\/1"}],"replies":[{"embeddable":true,"href":"https:\/\/fessgroup.pl\/index.php\/wp-json\/wp\/v2\/comments?post=7797"}],"version-history":[{"count":6,"href":"https:\/\/fessgroup.pl\/index.php\/wp-json\/wp\/v2\/pages\/7797\/revisions"}],"predecessor-version":[{"id":7956,"href":"https:\/\/fessgroup.pl\/index.php\/wp-json\/wp\/v2\/pages\/7797\/revisions\/7956"}],"wp:attachment":[{"href":"https:\/\/fessgroup.pl\/index.php\/wp-json\/wp\/v2\/media?parent=7797"}],"curies":[{"name":"wp","href":"https:\/\/api.w.org\/{rel}","templated":true}]}}