{"id":7712,"date":"2025-11-20T07:21:43","date_gmt":"2025-11-20T06:21:43","guid":{"rendered":"https:\/\/braga.one\/fessgroup\/?page_id=7712"},"modified":"2026-03-16T19:05:06","modified_gmt":"2026-03-16T18:05:06","slug":"zastosowania","status":"publish","type":"page","link":"https:\/\/fessgroup.pl\/index.php\/zastosowania\/","title":{"rendered":"Zastosowania"},"content":{"rendered":"<div class=\"wpb-content-wrapper\"><p>[vc_row row_btt_skin=&#8221;light&#8221; row_background_text_position=&#8221;front&#8221; row_skin=&#8221;dark&#8221; css=&#8221;.vc_custom_1763631676045{padding-top: 0px !important;padding-bottom: 36px !important;}&#8221;][vc_column width=&#8221;1\/2&#8243;]<div class=\"mkdf-elements-holder   mkdf-three-columns  mkdf-responsive-mode-1024 \" ><div class=\"mkdf-eh-item    \"  data-item-class=\"mkdf-eh-custom-4944\" data-1367-1600=\"0 20px 0px 0\" data-1025-1366=\"0 20px 0px 0\" data-769-1024=\"0 0 0px 0\" data-681-768=\"0 0 0px 0\" data-680=\"0 0 0px 0\">\n\t<div class=\"mkdf-eh-item-inner\">\n\t\t<div class=\"mkdf-eh-item-content mkdf-eh-custom-4944\" style=\"padding: 0 20px 0px 0\">\n\t\t\t<div class=\"mkdf-single-image-holder   \">\n    <div class=\"mkdf-si-inner\" >\n                                    <img loading=\"lazy\" decoding=\"async\" width=\"1222\" height=\"839\" src=\"https:\/\/fessgroup.pl\/wp-content\/uploads\/2025\/11\/v1.jpg.webp\" class=\"attachment-full size-full\" alt=\"\" srcset=\"https:\/\/fessgroup.pl\/wp-content\/uploads\/2025\/11\/v1.jpg.webp 1222w, https:\/\/fessgroup.pl\/wp-content\/uploads\/2025\/11\/v1.jpg-300x206.webp 300w, https:\/\/fessgroup.pl\/wp-content\/uploads\/2025\/11\/v1.jpg-1024x703.webp 1024w, https:\/\/fessgroup.pl\/wp-content\/uploads\/2025\/11\/v1.jpg-768x527.webp 768w\" sizes=\"auto, (max-width: 1222px) 100vw, 1222px\" \/>                        <\/div>\n<\/div>\t\t<\/div>\n\t<\/div>\n<\/div><div class=\"mkdf-eh-item    \"  data-item-class=\"mkdf-eh-custom-9338\" data-1367-1600=\"0 11px 0px 11px\" data-1025-1366=\"0 11px 0px 11px\" data-769-1024=\"32px 0 32px 0\" data-681-768=\"32px 0 32px 0\" data-680=\"32px 0 32px 0\">\n\t<div class=\"mkdf-eh-item-inner\">\n\t\t<div class=\"mkdf-eh-item-content mkdf-eh-custom-9338\" style=\"padding: 0 11px 0px 11px\">\n\t\t\t<div class=\"mkdf-iwt clearfix  mkdf-iwt-icon-top-centered mkdf-iwt-boxed mkdf-iwt-icon-medium\" >\n\t<div class=\"mkdf-iwt-icon\">\n\t\t\t\t\t<a itemprop=\"url\" href=\"https:\/\/fessgroup.pl\/index.php\/montaz-maszyn-modernizacja-maszyn-kuchennych\/\" target=\"_self\">\n\t\t\t\t\t\t\t\t\t    <span class=\"mkdf-icon-shortcode mkdf-normal   mkdf-icon-medium\"  >\n                    <i class=\"mkdf-icon-dripicons dripicon  mkdf-icon-element\" style=\"\" ><\/i>            <\/span>\n\t\t\t\t\t\t\t\t<\/a>\n\t\t\t<\/div>\n\t<div class=\"mkdf-iwt-content\" style=\"padding-top: 17px\">\n        \t\t\t\t\t<h4 class=\"mkdf-iwt-title\" style=\"margin-top: -4px\">\n\t\t\t\t\t\t\t\t\t<a itemprop=\"url\" href=\"https:\/\/fessgroup.pl\/index.php\/montaz-maszyn-modernizacja-maszyn-kuchennych\/\" target=\"_self\">\n\t\t\t\t\t\t\t\t<span class=\"mkdf-iwt-title-text\">Monta\u017c maszyn: Modernizacja maszyn kuchennych<\/span>\n\t\t\t\t\t\t\t\t\t<\/a>\n\t\t\t\t\t\t\t<\/h4>\n\t\t\t\t\t\t\t<p class=\"mkdf-iwt-text\" style=\"margin-top: 14px\">Bran\u017ca spo\u017cywcza stale si\u0119 rozwija, a producenci \u017cywno\u015bci i napoj\u00f3w nieustannie reaguj\u0105 na zmieniaj\u0105ce si\u0119 zapotrzebowanie i trendy.<\/p>\n\t\t\t<\/div>\n<\/div>\t\t<\/div>\n\t<\/div>\n<\/div><\/div>[\/vc_column][vc_column width=&#8221;1\/2&#8243;]<div class=\"mkdf-elements-holder   mkdf-three-columns  mkdf-responsive-mode-1024 \" ><div class=\"mkdf-eh-item    \"  data-item-class=\"mkdf-eh-custom-6042\" data-1367-1600=\"0 20px 0px 0\" data-1025-1366=\"0 20px 0px 0\" data-769-1024=\"0 0 0px 0\" data-681-768=\"0 0 0px 0\" data-680=\"0 0 0px 0\">\n\t<div class=\"mkdf-eh-item-inner\">\n\t\t<div class=\"mkdf-eh-item-content mkdf-eh-custom-6042\" style=\"padding: 0 20px 0px 0\">\n\t\t\t<div class=\"mkdf-single-image-holder   \">\n    <div class=\"mkdf-si-inner\" >\n                                    <img loading=\"lazy\" decoding=\"async\" width=\"1920\" height=\"1280\" src=\"https:\/\/fessgroup.pl\/wp-content\/uploads\/2025\/11\/case-study-1.jpg.webp\" class=\"attachment-full size-full\" alt=\"\" srcset=\"https:\/\/fessgroup.pl\/wp-content\/uploads\/2025\/11\/case-study-1.jpg.webp 1920w, https:\/\/fessgroup.pl\/wp-content\/uploads\/2025\/11\/case-study-1.jpg-300x200.webp 300w, https:\/\/fessgroup.pl\/wp-content\/uploads\/2025\/11\/case-study-1.jpg-1024x683.webp 1024w, https:\/\/fessgroup.pl\/wp-content\/uploads\/2025\/11\/case-study-1.jpg-768x512.webp 768w, https:\/\/fessgroup.pl\/wp-content\/uploads\/2025\/11\/case-study-1.jpg-1536x1024.webp 1536w\" sizes=\"auto, (max-width: 1920px) 100vw, 1920px\" \/>                        <\/div>\n<\/div>\t\t<\/div>\n\t<\/div>\n<\/div><div class=\"mkdf-eh-item    \"  data-item-class=\"mkdf-eh-custom-7104\" data-1367-1600=\"0 11px 0px 11px\" data-1025-1366=\"0 11px 0px 11px\" data-769-1024=\"32px 0 32px 0\" data-681-768=\"32px 0 32px 0\" data-680=\"32px 0 32px 0\">\n\t<div class=\"mkdf-eh-item-inner\">\n\t\t<div class=\"mkdf-eh-item-content mkdf-eh-custom-7104\" style=\"padding: 0 11px 0px 11px\">\n\t\t\t<div class=\"mkdf-iwt clearfix  mkdf-iwt-icon-top-centered mkdf-iwt-boxed mkdf-iwt-icon-medium\" >\n\t<div class=\"mkdf-iwt-icon\">\n\t\t\t\t\t<a itemprop=\"url\" href=\"https:\/\/fessgroup.pl\/index.php\/produkcja-zywnosci-rozwoj-i-modernizacja\/\" target=\"_self\">\n\t\t\t\t\t\t\t\t\t    <span class=\"mkdf-icon-shortcode mkdf-normal   mkdf-icon-medium\"  >\n                    <i class=\"mkdf-icon-dripicons dripicon  mkdf-icon-element\" style=\"\" ><\/i>            <\/span>\n\t\t\t\t\t\t\t\t<\/a>\n\t\t\t<\/div>\n\t<div class=\"mkdf-iwt-content\" style=\"padding-top: 17px\">\n        \t\t\t\t\t<h4 class=\"mkdf-iwt-title\" style=\"margin-top: -4px\">\n\t\t\t\t\t\t\t\t\t<a itemprop=\"url\" href=\"https:\/\/fessgroup.pl\/index.php\/produkcja-zywnosci-rozwoj-i-modernizacja\/\" target=\"_self\">\n\t\t\t\t\t\t\t\t<span class=\"mkdf-iwt-title-text\">Produkcja \u017cywno\u015bci: rozw\u00f3j i modernizacja<\/span>\n\t\t\t\t\t\t\t\t\t<\/a>\n\t\t\t\t\t\t\t<\/h4>\n\t\t\t\t\t\t\t<p class=\"mkdf-iwt-text\" style=\"margin-top: 14px\">Bran\u017ca produkcji \u017cywno\u015bci wymaga nowoczesnych maszyn i system\u00f3w, kt\u00f3re spe\u0142niaj\u0105 normy bezpiecze\u0144stwa i higieny pracy oraz zapewniaj\u0105 wysok\u0105 jako\u015b\u0107 produkt\u00f3w.<\/p>\n\t\t\t<\/div>\n<\/div>\t\t<\/div>\n\t<\/div>\n<\/div><\/div>[\/vc_column][\/vc_row][vc_row row_btt_skin=&#8221;light&#8221; row_background_text_position=&#8221;front&#8221; row_skin=&#8221;dark&#8221; css=&#8221;.vc_custom_1763631652591{padding-top: 43px !important;padding-bottom: 36px !important;}&#8221;][vc_column width=&#8221;1\/2&#8243;]<div class=\"mkdf-elements-holder   mkdf-three-columns  mkdf-responsive-mode-1024 \" ><div class=\"mkdf-eh-item    \"  data-item-class=\"mkdf-eh-custom-1320\" data-1367-1600=\"0 20px 0px 0\" data-1025-1366=\"0 20px 0px 0\" data-769-1024=\"0 0 0px 0\" data-681-768=\"0 0 0px 0\" data-680=\"0 0 0px 0\">\n\t<div class=\"mkdf-eh-item-inner\">\n\t\t<div class=\"mkdf-eh-item-content mkdf-eh-custom-1320\" style=\"padding: 0 20px 0px 0\">\n\t\t\t<div class=\"mkdf-single-image-holder   \">\n    <div class=\"mkdf-si-inner\" >\n                                    <img loading=\"lazy\" decoding=\"async\" width=\"1920\" height=\"1280\" src=\"https:\/\/fessgroup.pl\/wp-content\/uploads\/2025\/11\/case-study-2.jpg.webp\" class=\"attachment-full size-full\" alt=\"\" srcset=\"https:\/\/fessgroup.pl\/wp-content\/uploads\/2025\/11\/case-study-2.jpg.webp 1920w, https:\/\/fessgroup.pl\/wp-content\/uploads\/2025\/11\/case-study-2.jpg-300x200.webp 300w, https:\/\/fessgroup.pl\/wp-content\/uploads\/2025\/11\/case-study-2.jpg-1024x683.webp 1024w, https:\/\/fessgroup.pl\/wp-content\/uploads\/2025\/11\/case-study-2.jpg-768x512.webp 768w, https:\/\/fessgroup.pl\/wp-content\/uploads\/2025\/11\/case-study-2.jpg-1536x1024.webp 1536w\" sizes=\"auto, (max-width: 1920px) 100vw, 1920px\" \/>                        <\/div>\n<\/div>\t\t<\/div>\n\t<\/div>\n<\/div><div class=\"mkdf-eh-item    \"  data-item-class=\"mkdf-eh-custom-9854\" data-1367-1600=\"0 11px 0px 11px\" data-1025-1366=\"0 11px 0px 11px\" data-769-1024=\"32px 0 32px 0\" data-681-768=\"32px 0 32px 0\" data-680=\"32px 0 32px 0\">\n\t<div class=\"mkdf-eh-item-inner\">\n\t\t<div class=\"mkdf-eh-item-content mkdf-eh-custom-9854\" style=\"padding: 0 11px 0px 11px\">\n\t\t\t<div class=\"mkdf-iwt clearfix  mkdf-iwt-icon-top-centered mkdf-iwt-boxed mkdf-iwt-icon-medium\" >\n\t<div class=\"mkdf-iwt-icon\">\n\t\t\t\t\t<a itemprop=\"url\" href=\"https:\/\/fessgroup.pl\/index.php\/ekologia-redukcja-sladu-weglowego\/\" target=\"_self\">\n\t\t\t\t\t\t\t\t\t    <span class=\"mkdf-icon-shortcode mkdf-normal   mkdf-icon-medium\"  >\n                    <i class=\"mkdf-icon-dripicons dripicon  mkdf-icon-element\" style=\"\" ><\/i>            <\/span>\n\t\t\t\t\t\t\t\t<\/a>\n\t\t\t<\/div>\n\t<div class=\"mkdf-iwt-content\" style=\"padding-top: 17px\">\n        \t\t\t\t\t<h4 class=\"mkdf-iwt-title\" style=\"margin-top: -4px\">\n\t\t\t\t\t\t\t\t\t<a itemprop=\"url\" href=\"https:\/\/fessgroup.pl\/index.php\/ekologia-redukcja-sladu-weglowego\/\" target=\"_self\">\n\t\t\t\t\t\t\t\t<span class=\"mkdf-iwt-title-text\">Ekologia: redukcja \u015bladu w\u0119glowego<\/span>\n\t\t\t\t\t\t\t\t\t<\/a>\n\t\t\t\t\t\t\t<\/h4>\n\t\t\t\t\t\t\t<p class=\"mkdf-iwt-text\" style=\"margin-top: 14px\">Maj\u0105c na uwadze, \u017ce prawda o zmianach klimatu i naszym \u015brodowisku jest powszechnie znana, naszym wsp\u00f3lnym obowi\u0105zkiem jest poprawa zr\u00f3wnowa\u017conego rozwoju w r\u00f3\u017cnych aspektach naszego \u017cycia.<\/p>\n\t\t\t<\/div>\n<\/div>\t\t<\/div>\n\t<\/div>\n<\/div><\/div>[\/vc_column][vc_column width=&#8221;1\/2&#8243;]<div class=\"mkdf-elements-holder   mkdf-three-columns  mkdf-responsive-mode-1024 \" ><div class=\"mkdf-eh-item    \"  data-item-class=\"mkdf-eh-custom-5733\" data-1367-1600=\"0 20px 0px 0\" data-1025-1366=\"0 20px 0px 0\" data-769-1024=\"0 0 0px 0\" data-681-768=\"0 0 0px 0\" data-680=\"0 0 0px 0\">\n\t<div class=\"mkdf-eh-item-inner\">\n\t\t<div class=\"mkdf-eh-item-content mkdf-eh-custom-5733\" style=\"padding: 0 20px 0px 0\">\n\t\t\t<div class=\"mkdf-single-image-holder   \">\n    <div class=\"mkdf-si-inner\" >\n                                    <img loading=\"lazy\" decoding=\"async\" width=\"1920\" height=\"1280\" src=\"https:\/\/fessgroup.pl\/wp-content\/uploads\/2025\/11\/case-study-4.jpg-1.webp\" class=\"attachment-full size-full\" alt=\"\" srcset=\"https:\/\/fessgroup.pl\/wp-content\/uploads\/2025\/11\/case-study-4.jpg-1.webp 1920w, https:\/\/fessgroup.pl\/wp-content\/uploads\/2025\/11\/case-study-4.jpg-1-300x200.webp 300w, https:\/\/fessgroup.pl\/wp-content\/uploads\/2025\/11\/case-study-4.jpg-1-1024x683.webp 1024w, https:\/\/fessgroup.pl\/wp-content\/uploads\/2025\/11\/case-study-4.jpg-1-768x512.webp 768w, https:\/\/fessgroup.pl\/wp-content\/uploads\/2025\/11\/case-study-4.jpg-1-1536x1024.webp 1536w\" sizes=\"auto, (max-width: 1920px) 100vw, 1920px\" \/>                        <\/div>\n<\/div>\t\t<\/div>\n\t<\/div>\n<\/div><div class=\"mkdf-eh-item    \"  data-item-class=\"mkdf-eh-custom-4209\" data-1367-1600=\"0 11px 0px 11px\" data-1025-1366=\"0 11px 0px 11px\" data-769-1024=\"32px 0 32px 0\" data-681-768=\"32px 0 32px 0\" data-680=\"32px 0 32px 0\">\n\t<div class=\"mkdf-eh-item-inner\">\n\t\t<div class=\"mkdf-eh-item-content mkdf-eh-custom-4209\" style=\"padding: 0 11px 0px 11px\">\n\t\t\t<div class=\"mkdf-iwt clearfix  mkdf-iwt-icon-top-centered mkdf-iwt-boxed mkdf-iwt-icon-medium\" >\n\t<div class=\"mkdf-iwt-icon\">\n\t\t\t\t\t<a itemprop=\"url\" href=\"https:\/\/fessgroup.pl\/index.php\/aktywa-wycofujace-z-eksploatacji-przenoszenie-maszyn\/\" target=\"_self\">\n\t\t\t\t\t\t\t\t\t    <span class=\"mkdf-icon-shortcode mkdf-normal   mkdf-icon-medium\"  >\n                    <i class=\"mkdf-icon-dripicons dripicon  mkdf-icon-element\" style=\"\" ><\/i>            <\/span>\n\t\t\t\t\t\t\t\t<\/a>\n\t\t\t<\/div>\n\t<div class=\"mkdf-iwt-content\" style=\"padding-top: 17px\">\n        \t\t\t\t\t<h4 class=\"mkdf-iwt-title\" style=\"margin-top: -4px\">\n\t\t\t\t\t\t\t\t\t<a itemprop=\"url\" href=\"https:\/\/fessgroup.pl\/index.php\/aktywa-wycofujace-z-eksploatacji-przenoszenie-maszyn\/\" target=\"_self\">\n\t\t\t\t\t\t\t\t<span class=\"mkdf-iwt-title-text\">Aktywa wycofuj\u0105ce z eksploatacji: Przenoszenie maszyn<\/span>\n\t\t\t\t\t\t\t\t\t<\/a>\n\t\t\t\t\t\t\t<\/h4>\n\t\t\t\t\t\t\t<p class=\"mkdf-iwt-text\" style=\"margin-top: 14px\">Wycofanie aktyw\u00f3w z eksploatacji to ogromne zadanie. Wymaga precyzyjnego planowania, aby zapewni\u0107 utrzymanie wszystkich cz\u0119\u015bci w stanie nieuszkodzonym i bezpieczny transport.<\/p>\n\t\t\t<\/div>\n<\/div>\t\t<\/div>\n\t<\/div>\n<\/div><\/div>[\/vc_column][\/vc_row][vc_row row_btt_skin=&#8221;light&#8221; row_background_text_position=&#8221;front&#8221; row_skin=&#8221;dark&#8221; css=&#8221;.vc_custom_1763631660218{padding-top: 43px !important;padding-bottom: 36px !important;}&#8221;][vc_column width=&#8221;1\/2&#8243;]<div class=\"mkdf-elements-holder   mkdf-three-columns  mkdf-responsive-mode-1024 \" ><div class=\"mkdf-eh-item    \"  data-item-class=\"mkdf-eh-custom-7380\" data-1367-1600=\"0 20px 0px 0\" data-1025-1366=\"0 20px 0px 0\" data-769-1024=\"0 0 0px 0\" data-681-768=\"0 0 0px 0\" data-680=\"0 0 0px 0\">\n\t<div class=\"mkdf-eh-item-inner\">\n\t\t<div class=\"mkdf-eh-item-content mkdf-eh-custom-7380\" style=\"padding: 0 20px 0px 0\">\n\t\t\t<div class=\"mkdf-single-image-holder   \">\n    <div class=\"mkdf-si-inner\" >\n                                    <img loading=\"lazy\" decoding=\"async\" width=\"1920\" height=\"1278\" src=\"https:\/\/fessgroup.pl\/wp-content\/uploads\/2025\/11\/case-study-3.jpg.webp\" class=\"attachment-full size-full\" alt=\"\" srcset=\"https:\/\/fessgroup.pl\/wp-content\/uploads\/2025\/11\/case-study-3.jpg.webp 1920w, https:\/\/fessgroup.pl\/wp-content\/uploads\/2025\/11\/case-study-3.jpg-300x200.webp 300w, https:\/\/fessgroup.pl\/wp-content\/uploads\/2025\/11\/case-study-3.jpg-1024x682.webp 1024w, https:\/\/fessgroup.pl\/wp-content\/uploads\/2025\/11\/case-study-3.jpg-768x511.webp 768w, https:\/\/fessgroup.pl\/wp-content\/uploads\/2025\/11\/case-study-3.jpg-1536x1022.webp 1536w\" sizes=\"auto, (max-width: 1920px) 100vw, 1920px\" \/>                        <\/div>\n<\/div>\t\t<\/div>\n\t<\/div>\n<\/div><div class=\"mkdf-eh-item    \"  data-item-class=\"mkdf-eh-custom-3943\" data-1367-1600=\"0 11px 0px 11px\" data-1025-1366=\"0 11px 0px 11px\" data-769-1024=\"32px 0 32px 0\" data-681-768=\"32px 0 32px 0\" data-680=\"32px 0 32px 0\">\n\t<div class=\"mkdf-eh-item-inner\">\n\t\t<div class=\"mkdf-eh-item-content mkdf-eh-custom-3943\" style=\"padding: 0 11px 0px 11px\">\n\t\t\t<div class=\"mkdf-iwt clearfix  mkdf-iwt-icon-top-centered mkdf-iwt-boxed mkdf-iwt-icon-medium\" >\n\t<div class=\"mkdf-iwt-icon\">\n\t\t\t\t\t<a itemprop=\"url\" href=\"https:\/\/fessgroup.pl\/index.php\/remont-instalacji-elektrycznej-tablica-rozdzielcza-i-nowe-okablowanie\/\" target=\"_self\">\n\t\t\t\t\t\t\t\t\t    <span class=\"mkdf-icon-shortcode mkdf-normal   mkdf-icon-medium\"  >\n                    <i class=\"mkdf-icon-dripicons dripicon  mkdf-icon-element\" style=\"\" ><\/i>            <\/span>\n\t\t\t\t\t\t\t\t<\/a>\n\t\t\t<\/div>\n\t<div class=\"mkdf-iwt-content\" style=\"padding-top: 17px\">\n        \t\t\t\t\t<h4 class=\"mkdf-iwt-title\" style=\"margin-top: -4px\">\n\t\t\t\t\t\t\t\t\t<a itemprop=\"url\" href=\"https:\/\/fessgroup.pl\/index.php\/remont-instalacji-elektrycznej-tablica-rozdzielcza-i-nowe-okablowanie\/\" target=\"_self\">\n\t\t\t\t\t\t\t\t<span class=\"mkdf-iwt-title-text\">Remont instalacji elektrycznej: tablica rozdzielcza i nowe okablowanie<\/span>\n\t\t\t\t\t\t\t\t\t<\/a>\n\t\t\t\t\t\t\t<\/h4>\n\t\t\t\t\t\t\t<p class=\"mkdf-iwt-text\" style=\"margin-top: 14px\">W bran\u017cy przetw\u00f3rstwa spo\u017cywczego posiadanie nowoczesnego sprz\u0119tu elektrycznego i obwod\u00f3w elektrycznych jest kluczowe dla pe\u0142nej wydajno\u015bci operacyjnej.<\/p>\n\t\t\t<\/div>\n<\/div>\t\t<\/div>\n\t<\/div>\n<\/div><\/div>[\/vc_column][vc_column width=&#8221;1\/2&#8243;][\/vc_column][\/vc_row]<\/p>\n<\/div>","protected":false},"excerpt":{"rendered":"<p>[vc_row row_btt_skin=&#8221;light&#8221; row_background_text_position=&#8221;front&#8221; row_skin=&#8221;dark&#8221; css=&#8221;.vc_custom_1763631676045{padding-top: 0px !important;padding-bottom: 36px !important;}&#8221;][vc_column width=&#8221;1\/2&#8243;][\/vc_column][vc_column width=&#8221;1\/2&#8243;][\/vc_column][\/vc_row][vc_row row_btt_skin=&#8221;light&#8221; row_background_text_position=&#8221;front&#8221; row_skin=&#8221;dark&#8221; css=&#8221;.vc_custom_1763631652591{padding-top: 43px !important;padding-bottom: 36px !important;}&#8221;][vc_column width=&#8221;1\/2&#8243;][\/vc_column][vc_column width=&#8221;1\/2&#8243;][\/vc_column][\/vc_row][vc_row row_btt_skin=&#8221;light&#8221; row_background_text_position=&#8221;front&#8221; row_skin=&#8221;dark&#8221; css=&#8221;.vc_custom_1763631660218{padding-top: 43px !important;padding-bottom: 36px !important;}&#8221;][vc_column width=&#8221;1\/2&#8243;][\/vc_column][vc_column width=&#8221;1\/2&#8243;][\/vc_column][\/vc_row]<\/p>\n","protected":false},"author":1,"featured_media":0,"parent":0,"menu_order":0,"comment_status":"closed","ping_status":"closed","template":"full-width.php","meta":{"footnotes":""},"class_list":["post-7712","page","type-page","status-publish","hentry"],"_links":{"self":[{"href":"https:\/\/fessgroup.pl\/index.php\/wp-json\/wp\/v2\/pages\/7712","targetHints":{"allow":["GET"]}}],"collection":[{"href":"https:\/\/fessgroup.pl\/index.php\/wp-json\/wp\/v2\/pages"}],"about":[{"href":"https:\/\/fessgroup.pl\/index.php\/wp-json\/wp\/v2\/types\/page"}],"author":[{"embeddable":true,"href":"https:\/\/fessgroup.pl\/index.php\/wp-json\/wp\/v2\/users\/1"}],"replies":[{"embeddable":true,"href":"https:\/\/fessgroup.pl\/index.php\/wp-json\/wp\/v2\/comments?post=7712"}],"version-history":[{"count":17,"href":"https:\/\/fessgroup.pl\/index.php\/wp-json\/wp\/v2\/pages\/7712\/revisions"}],"predecessor-version":[{"id":7946,"href":"https:\/\/fessgroup.pl\/index.php\/wp-json\/wp\/v2\/pages\/7712\/revisions\/7946"}],"wp:attachment":[{"href":"https:\/\/fessgroup.pl\/index.php\/wp-json\/wp\/v2\/media?parent=7712"}],"curies":[{"name":"wp","href":"https:\/\/api.w.org\/{rel}","templated":true}]}}