{"id":1458,"date":"2018-12-17T08:46:49","date_gmt":"2018-12-17T08:46:49","guid":{"rendered":"https:\/\/wilmer.qodeinteractive.com\/?page_id=1458"},"modified":"2026-03-16T19:04:43","modified_gmt":"2026-03-16T18:04:43","slug":"o-firmie","status":"publish","type":"page","link":"https:\/\/fessgroup.pl\/index.php\/o-firmie\/","title":{"rendered":"O firmie"},"content":{"rendered":"<div class=\"wpb-content-wrapper\"><p>[vc_row row_content_width=&#8221;grid&#8221; row_btt_skin=&#8221;light&#8221; enable_bg_pattern=&#8221;yes&#8221; row_background_text_position=&#8221;front&#8221; row_skin=&#8221;dark&#8221; css=&#8221;.vc_custom_1556014711710{padding-top: 40px !important;padding-bottom: 50px !important;}&#8221;][vc_column offset=&#8221;vc_col-lg-offset-0 vc_col-lg-12 vc_col-md-offset-0 vc_col-md-12 vc_col-sm-offset-0&#8243;]<div class=\"mkdf-elements-holder   mkdf-two-columns  mkdf-responsive-mode-1024 \" ><div class=\"mkdf-eh-item mkdf-appearing-section   \"  data-item-class=\"mkdf-eh-custom-5018\" data-1367-1600=\"0px 0px 0 0px\" data-1025-1366=\"0px 0px 0 0px\" data-769-1024=\"0px 0px 0 0px\" data-681-768=\"0px 0px 0 0px\" data-680=\"0px 0px 0 0px\">\n\t<div class=\"mkdf-eh-item-inner\">\n\t\t<div class=\"mkdf-eh-item-content mkdf-eh-custom-5018\" style=\"padding: 0 0 0 0\">\n\t\t\t[vc_empty_space height=&#8221;82px&#8221;]<div class=\"mkdf-single-image-holder   \">\n    <div class=\"mkdf-si-inner\" >\n                                    <img loading=\"lazy\" decoding=\"async\" width=\"800\" height=\"533\" src=\"https:\/\/fessgroup.pl\/wp-content\/uploads\/2025\/10\/o-nas.jpg\" class=\"attachment-full size-full\" alt=\"\" srcset=\"https:\/\/fessgroup.pl\/wp-content\/uploads\/2025\/10\/o-nas.jpg 800w, https:\/\/fessgroup.pl\/wp-content\/uploads\/2025\/10\/o-nas-300x200.jpg 300w, https:\/\/fessgroup.pl\/wp-content\/uploads\/2025\/10\/o-nas-768x512.jpg 768w\" sizes=\"auto, (max-width: 800px) 100vw, 800px\" \/>                        <\/div>\n<\/div>\t\t<\/div>\n\t<\/div>\n<\/div><div class=\"mkdf-eh-item    \"  data-item-class=\"mkdf-eh-custom-2546\" data-1367-1600=\"0px 120px 0 50px\" data-1025-1366=\"0px 20px 0 50px\" data-769-1024=\"57px 260px 0 0px\" data-681-768=\"57px 120px 0 0px\" data-680=\"57px 0px 0 0px\">\n\t<div class=\"mkdf-eh-item-inner\">\n\t\t<div class=\"mkdf-eh-item-content mkdf-eh-custom-2546\" style=\"padding: 0px 90px 8px 80px\">\n\t\t\t[vc_empty_space height=&#8221;82px&#8221;]<div class=\"mkdf-section-title-holder  mkdf-st-standard mkdf-st-title-left mkdf-st-normal-space \" >\n\t<div class=\"mkdf-st-inner\">\n                    <h6 class=\"mkdf-st-intro-title\" style=\"color: #565969\">\n                O firmie            <\/h6>\n        \t\t\t\t\t<h2 class=\"mkdf-st-title\" >\n\t\t\t\tFess Group<br \/> Polska\t\t\t<\/h2>\n\t\t\t\t\t\t\t<h5 class=\"mkdf-st-text\" style=\"color: #565969;font-size: 18px;line-height: 26px;font-weight: 400;margin-top: 20px\">\n\t\t\t\tZapewniamy dost\u0119p do specjalistycznych zasob\u00f3w, niezb\u0119dnych do zarz\u0105dzania ca\u0142ym procesem realizacji projektu, od analizy wykonalno\u015bci, przez wsp\u00f3\u0142prac\u0119 z dostawcami, bezpiecze\u0144stwo i higien\u0119 pracy, po bie\u017c\u0105ce zarz\u0105dzanie. Nasze umiej\u0119tno\u015bci oraz wieloletnie do\u015bwiadczenie zdobyte w fabrykach i przemy\u015ble wytw\u00f3rczym gwarantuj\u0105, \u017ce mo\u017cemy zapewni\u0107 wysoce kompetentne i ekonomiczne wsparcie w zakresie zarz\u0105dzania, aby zrealizowa\u0107 cele i za\u0142o\u017cenia Twojej firmy.\nJeste\u015bmy zespo\u0142em przeszkolonych specjalist\u00f3w, wsp\u00f3\u0142pracuj\u0105cych z instytucjami rz\u0105dowymi i stowarzyszeniami, m.in. Safe Contractor, Electrical Contractors' Association (ECA) i Institution of Occupational Safety and Health (IOSH).\nOd pocz\u0105tku do ko\u0144ca nasze us\u0142ugi zarz\u0105dzania projektami i doradztwa ukierunkowane s\u0105 na wspieranie zespo\u0142\u00f3w zarz\u0105dzaj\u0105cych i personelu na miejscu w realizacji wymaga\u0144 projektu na czas i w ramach bud\u017cetu.\t\t\t<\/h5>\n\t\t\t<\/div>\n<\/div>[vc_empty_space]<a itemprop=\"url\" href=\"https:\/\/fessgroup.pl\/index.php\/uslugi\/\" target=\"_self\" style=\"padding: 7px 38px\" class=\"mkdf-btn mkdf-btn-medium mkdf-btn-solid\"  >\n    <span class=\"mkdf-btn-text\">Zobacz nasze us\u0142ugi<\/span>\n    <\/a>\t\t<\/div>\n\t<\/div>\n<\/div><\/div>[\/vc_column][\/vc_row][vc_row row_btt_skin=&#8221;light&#8221; row_background_text_position=&#8221;front&#8221; row_background_text_align=&#8221;left&#8221; row_skin=&#8221;dark&#8221; row_background_text_1=&#8221;Bran\u017ce&#8221; row_background_text_size=&#8221;180px&#8221; row_background_text_padding_left=&#8221;238px&#8221; row_background_text_padding_top=&#8221;65px&#8221; row_background_text_padding_left_1440=&#8221;4.3%&#8221; row_background_text_size_1280=&#8221;180px&#8221; row_background_text_padding_left_1280=&#8221;4.3%&#8221; row_background_text_size_1440=&#8221;180px&#8221; row_background_text_color=&#8221;#dedfe0&#8243;][vc_column]<div class=\"mkdf-elements-holder   mkdf-one-column  mkdf-responsive-mode-768 \" ><div class=\"mkdf-eh-item    \"  data-item-class=\"mkdf-eh-custom-7914\" data-1367-1600=\"142px 0 0 130px\" data-1025-1366=\"142px 0 0 122px\" data-769-1024=\"96px 0 0 125px\" data-681-768=\"96px 0 0 81px\" data-680=\"99px 0 0 35px\">\n\t<div class=\"mkdf-eh-item-inner\">\n\t\t<div class=\"mkdf-eh-item-content mkdf-eh-custom-7914\" style=\"padding: 142px 0 0 298px\">\n\t\t\t[vc_column_text css=&#8221;&#8221;]<\/p>\n<h1>Bran\u017ce<\/h1>\n<p>[\/vc_column_text]\t\t<\/div>\n\t<\/div>\n<\/div><\/div>[\/vc_column][\/vc_row][vc_row full_width=&#8221;stretch_row&#8221; row_btt_skin=&#8221;light&#8221; row_background_text_position=&#8221;front&#8221; css=&#8221;.vc_custom_1762274724583{margin-right: 50px !important;margin-left: 50px !important;}&#8221;][vc_column width=&#8221;1\/3&#8243;]<div class=\"mkdf-banner-holder  mkdf-hover-background-color mkdf-banner-info-default\">\n    <div class=\"mkdf-banner-image\">\n            <\/div>\n    <div class=\"mkdf-banner-text-holder\" style=\"padding: 35px 22px 31px 0\">\n\t    <div class=\"mkdf-banner-text-outer\">\n\t\t    <div class=\"mkdf-banner-text-inner\">\n\t\t        \t\t            <h5 class=\"mkdf-banner-subtitle\" style=\"font-size: 12px\">\n\t\t\t            Zobacz wi\u0119cej\t\t            <\/h5>\n\t\t        \t\t        \t\t            <h4 class=\"mkdf-banner-title\" style=\"margin-top: -3px\">\n\t\t                Jedzenie i picie\t                <\/h4>\n\t\t        \t\t\t\t                    <a itemprop=\"url\" href=\"https:\/\/fessgroup.pl\/index.php\/jedzenie-i-picie\/\" target=\"_self\"  class=\"mkdf-btn mkdf-btn-medium mkdf-btn-simple\"  >\n    <span class=\"mkdf-btn-text\"><\/span>\n    <\/a>\t\t        \t\t\t<\/div>\n\t\t<\/div>\n\t<\/div>\n\t        <a itemprop=\"url\" class=\"mkdf-banner-link\" href=\"https:\/\/fessgroup.pl\/index.php\/jedzenie-i-picie\/\" target=\"_self\"><\/a>\n    <div class=\"mkdf-banner-bottom-line\" ><\/div>\n<\/div>[vc_empty_space][\/vc_column][vc_column width=&#8221;1\/3&#8243;]<div class=\"mkdf-banner-holder  mkdf-hover-background-color mkdf-banner-info-default\">\n    <div class=\"mkdf-banner-image\">\n            <\/div>\n    <div class=\"mkdf-banner-text-holder\" style=\"padding: 35px 22px 31px 0\">\n\t    <div class=\"mkdf-banner-text-outer\">\n\t\t    <div class=\"mkdf-banner-text-inner\">\n\t\t        \t\t            <h5 class=\"mkdf-banner-subtitle\" style=\"font-size: 12px\">\n\t\t\t            Zobacz wi\u0119cej\t\t            <\/h5>\n\t\t        \t\t        \t\t            <h4 class=\"mkdf-banner-title\" style=\"margin-top: -3px\">\n\t\t                Karma dla zwierz\u0105t\t                <\/h4>\n\t\t        \t\t\t\t                    <a itemprop=\"url\" href=\"https:\/\/fessgroup.pl\/index.php\/karma-dla-zwierzat\/\" target=\"_self\"  class=\"mkdf-btn mkdf-btn-medium mkdf-btn-simple\"  >\n    <span class=\"mkdf-btn-text\"><\/span>\n    <\/a>\t\t        \t\t\t<\/div>\n\t\t<\/div>\n\t<\/div>\n\t        <a itemprop=\"url\" class=\"mkdf-banner-link\" href=\"https:\/\/fessgroup.pl\/index.php\/karma-dla-zwierzat\/\" target=\"_self\"><\/a>\n    <div class=\"mkdf-banner-bottom-line\" ><\/div>\n<\/div>[vc_empty_space][\/vc_column][vc_column width=&#8221;1\/3&#8243;]<div class=\"mkdf-banner-holder  mkdf-hover-background-color mkdf-banner-info-default\">\n    <div class=\"mkdf-banner-image\">\n            <\/div>\n    <div class=\"mkdf-banner-text-holder\" style=\"padding: 35px 22px 31px 0\">\n\t    <div class=\"mkdf-banner-text-outer\">\n\t\t    <div class=\"mkdf-banner-text-inner\">\n\t\t        \t\t            <h5 class=\"mkdf-banner-subtitle\" style=\"font-size: 12px\">\n\t\t\t            Zobacz wi\u0119cej\t\t            <\/h5>\n\t\t        \t\t        \t\t            <h4 class=\"mkdf-banner-title\" style=\"margin-top: -3px\">\n\t\t                Farmaceutyka\t                <\/h4>\n\t\t        \t\t\t\t                    <a itemprop=\"url\" href=\"https:\/\/fessgroup.pl\/index.php\/farmaceutyka\/\" target=\"_self\"  class=\"mkdf-btn mkdf-btn-medium mkdf-btn-simple\"  >\n    <span class=\"mkdf-btn-text\"><\/span>\n    <\/a>\t\t        \t\t\t<\/div>\n\t\t<\/div>\n\t<\/div>\n\t        <a itemprop=\"url\" class=\"mkdf-banner-link\" href=\"https:\/\/fessgroup.pl\/index.php\/farmaceutyka\/\" target=\"_self\"><\/a>\n    <div class=\"mkdf-banner-bottom-line\" ><\/div>\n<\/div>[vc_empty_space][\/vc_column][\/vc_row][vc_row row_btt_skin=&#8221;dark&#8221; row_background_text_position=&#8221;front&#8221; row_skin=&#8221;dark&#8221; simple_background_color=&#8221;#EEECEC&#8221;][vc_column]<div class=\"mkdf-elements-holder   mkdf-one-column  mkdf-responsive-mode-768 \" ><div class=\"mkdf-eh-item    \"  data-item-class=\"mkdf-eh-custom-8809\" data-1367-1600=\"119px 20px 120px 20px\" data-1025-1366=\"119px 40px 120px 40px\" data-769-1024=\"119px 35px 120px 54px\" data-681-768=\"107px 0px 106px 0px\" data-680=\"107px 0px 106px 0px\">\n\t<div class=\"mkdf-eh-item-inner\">\n\t\t<div class=\"mkdf-eh-item-content mkdf-eh-custom-8809\" style=\"padding: 122px 295px 130px 301px\">\n\t\t\t<div class=\"mkdf-clients-grid-holder mkdf-grid-list mkdf-disable-bottom-space mkdf-four-columns mkdf-medium-space  mkdf-cc-hover-roll-over\">\n\t<div class=\"mkdf-cg-inner mkdf-outer-space\">\n\t\t<div class=\"mkdf-cc-item mkdf-item-space mkdf-cci-has-link\">\n\t\t\t<a itemprop=\"url\" class=\"mkdf-cc-link mkdf-block-drag-link\" href=\"#\" target=\"_self\">\n\t\t\t\t\t\t<img decoding=\"async\" itemprop=\"image\" class=\"mkdf-cc-image\" src=\"https:\/\/fessgroup.pl\/wp-content\/uploads\/2025\/10\/logo-1.png\" alt=\"\" \/>\n\t\t\t\t\t\t\t<img decoding=\"async\" itemprop=\"image\" class=\"mkdf-cc-hover-image\" src=\"https:\/\/fessgroup.pl\/wp-content\/uploads\/2025\/10\/logo-1.png\" alt=\"\" \/>\n\t\t\t\t\t<\/a>\n\t<\/div><div class=\"mkdf-cc-item mkdf-item-space mkdf-cci-has-link\">\n\t\t\t<a itemprop=\"url\" class=\"mkdf-cc-link mkdf-block-drag-link\" href=\"#\" target=\"_self\">\n\t\t\t\t\t\t<img decoding=\"async\" itemprop=\"image\" class=\"mkdf-cc-image\" src=\"https:\/\/fessgroup.pl\/wp-content\/uploads\/2025\/10\/logo-2.png\" alt=\"\" \/>\n\t\t\t\t\t\t\t<img decoding=\"async\" itemprop=\"image\" class=\"mkdf-cc-hover-image\" src=\"https:\/\/fessgroup.pl\/wp-content\/uploads\/2025\/10\/logo-2.png\" alt=\"\" \/>\n\t\t\t\t\t<\/a>\n\t<\/div><div class=\"mkdf-cc-item mkdf-item-space mkdf-cci-has-link\">\n\t\t\t<a itemprop=\"url\" class=\"mkdf-cc-link mkdf-block-drag-link\" href=\"#\" target=\"_self\">\n\t\t\t\t\t\t<img decoding=\"async\" itemprop=\"image\" class=\"mkdf-cc-image\" src=\"https:\/\/fessgroup.pl\/wp-content\/uploads\/2025\/10\/logo-3.png\" alt=\"\" \/>\n\t\t\t\t\t\t\t<img decoding=\"async\" itemprop=\"image\" class=\"mkdf-cc-hover-image\" src=\"https:\/\/fessgroup.pl\/wp-content\/uploads\/2025\/10\/logo-3.png\" alt=\"\" \/>\n\t\t\t\t\t<\/a>\n\t<\/div><div class=\"mkdf-cc-item mkdf-item-space mkdf-cci-has-link\">\n\t\t\t<a itemprop=\"url\" class=\"mkdf-cc-link mkdf-block-drag-link\" href=\"#\" target=\"_self\">\n\t\t\t\t\t\t<img decoding=\"async\" itemprop=\"image\" class=\"mkdf-cc-image\" src=\"https:\/\/fessgroup.pl\/wp-content\/uploads\/2025\/10\/logo-4.png\" alt=\"\" \/>\n\t\t\t\t\t\t\t<img decoding=\"async\" itemprop=\"image\" class=\"mkdf-cc-hover-image\" src=\"https:\/\/fessgroup.pl\/wp-content\/uploads\/2025\/10\/logo-4.png\" alt=\"\" \/>\n\t\t\t\t\t<\/a>\n\t<\/div><div class=\"mkdf-cc-item mkdf-item-space mkdf-cci-has-link\">\n\t\t\t<a itemprop=\"url\" class=\"mkdf-cc-link mkdf-block-drag-link\" href=\"#\" target=\"_self\">\n\t\t\t\t\t\t<img decoding=\"async\" itemprop=\"image\" class=\"mkdf-cc-image\" src=\"https:\/\/fessgroup.pl\/wp-content\/uploads\/2025\/10\/logo-5.png\" alt=\"\" \/>\n\t\t\t\t\t\t\t<img decoding=\"async\" itemprop=\"image\" class=\"mkdf-cc-hover-image\" src=\"https:\/\/fessgroup.pl\/wp-content\/uploads\/2025\/10\/logo-5.png\" alt=\"\" \/>\n\t\t\t\t\t<\/a>\n\t<\/div><div class=\"mkdf-cc-item mkdf-item-space mkdf-cci-has-link\">\n\t\t\t<a itemprop=\"url\" class=\"mkdf-cc-link mkdf-block-drag-link\" href=\"#\" target=\"_self\">\n\t\t\t\t\t\t<img decoding=\"async\" itemprop=\"image\" class=\"mkdf-cc-image\" src=\"https:\/\/fessgroup.pl\/wp-content\/uploads\/2025\/10\/logo-6.png\" alt=\"\" \/>\n\t\t\t\t\t\t\t<img decoding=\"async\" itemprop=\"image\" class=\"mkdf-cc-hover-image\" src=\"https:\/\/fessgroup.pl\/wp-content\/uploads\/2025\/10\/logo-6.png\" alt=\"\" \/>\n\t\t\t\t\t<\/a>\n\t<\/div><div class=\"mkdf-cc-item mkdf-item-space mkdf-cci-has-link\">\n\t\t\t<a itemprop=\"url\" class=\"mkdf-cc-link mkdf-block-drag-link\" href=\"#\" target=\"_self\">\n\t\t\t\t\t\t<img decoding=\"async\" itemprop=\"image\" class=\"mkdf-cc-image\" src=\"https:\/\/fessgroup.pl\/wp-content\/uploads\/2025\/10\/logo-7.png\" alt=\"\" \/>\n\t\t\t\t\t\t\t<img decoding=\"async\" itemprop=\"image\" class=\"mkdf-cc-hover-image\" src=\"https:\/\/fessgroup.pl\/wp-content\/uploads\/2025\/10\/logo-7.png\" alt=\"\" \/>\n\t\t\t\t\t<\/a>\n\t<\/div><div class=\"mkdf-cc-item mkdf-item-space mkdf-cci-has-link\">\n\t\t\t<a itemprop=\"url\" class=\"mkdf-cc-link mkdf-block-drag-link\" href=\"#\" target=\"_self\">\n\t\t\t\t\t\t<img decoding=\"async\" itemprop=\"image\" class=\"mkdf-cc-image\" src=\"https:\/\/fessgroup.pl\/wp-content\/uploads\/2025\/10\/logo-8.png\" alt=\"\" \/>\n\t\t\t\t\t\t\t<img decoding=\"async\" itemprop=\"image\" class=\"mkdf-cc-hover-image\" src=\"https:\/\/fessgroup.pl\/wp-content\/uploads\/2025\/10\/logo-8.png\" alt=\"\" \/>\n\t\t\t\t\t<\/a>\n\t<\/div><div class=\"mkdf-cc-item mkdf-item-space mkdf-cci-has-link\">\n\t\t\t<a itemprop=\"url\" class=\"mkdf-cc-link mkdf-block-drag-link\" href=\"#\" target=\"_self\">\n\t\t\t\t\t\t<img decoding=\"async\" itemprop=\"image\" class=\"mkdf-cc-image\" src=\"https:\/\/fessgroup.pl\/wp-content\/uploads\/2025\/10\/logo-9.png\" alt=\"\" \/>\n\t\t\t\t\t\t\t<img decoding=\"async\" itemprop=\"image\" class=\"mkdf-cc-hover-image\" src=\"https:\/\/fessgroup.pl\/wp-content\/uploads\/2025\/10\/logo-9.png\" alt=\"\" \/>\n\t\t\t\t\t<\/a>\n\t<\/div><div class=\"mkdf-cc-item mkdf-item-space mkdf-cci-has-link\">\n\t\t\t<a itemprop=\"url\" class=\"mkdf-cc-link mkdf-block-drag-link\" href=\"#\" target=\"_self\">\n\t\t\t\t\t\t<img decoding=\"async\" itemprop=\"image\" class=\"mkdf-cc-image\" src=\"https:\/\/fessgroup.pl\/wp-content\/uploads\/2025\/10\/logo-10.png\" alt=\"\" \/>\n\t\t\t\t\t\t\t<img decoding=\"async\" itemprop=\"image\" class=\"mkdf-cc-hover-image\" src=\"https:\/\/fessgroup.pl\/wp-content\/uploads\/2025\/10\/logo-10.png\" alt=\"\" \/>\n\t\t\t\t\t<\/a>\n\t<\/div><div class=\"mkdf-cc-item mkdf-item-space mkdf-cci-has-link\">\n\t\t\t<a itemprop=\"url\" class=\"mkdf-cc-link mkdf-block-drag-link\" href=\"#\" target=\"_self\">\n\t\t\t\t\t\t<img decoding=\"async\" itemprop=\"image\" class=\"mkdf-cc-image\" src=\"https:\/\/fessgroup.pl\/wp-content\/uploads\/2025\/10\/logo-11.png\" alt=\"\" \/>\n\t\t\t\t\t\t\t<img decoding=\"async\" itemprop=\"image\" class=\"mkdf-cc-hover-image\" src=\"https:\/\/fessgroup.pl\/wp-content\/uploads\/2025\/10\/logo-11.png\" alt=\"\" \/>\n\t\t\t\t\t<\/a>\n\t<\/div>\t<\/div>\n<\/div>\t\t<\/div>\n\t<\/div>\n<\/div><\/div>[\/vc_column][\/vc_row]<\/p>\n<\/div>","protected":false},"excerpt":{"rendered":"<p>[vc_row row_content_width=&#8221;grid&#8221; row_btt_skin=&#8221;light&#8221; enable_bg_pattern=&#8221;yes&#8221; row_background_text_position=&#8221;front&#8221; row_skin=&#8221;dark&#8221; css=&#8221;.vc_custom_1556014711710{padding-top: 40px !important;padding-bottom: 50px !important;}&#8221;][vc_column offset=&#8221;vc_col-lg-offset-0 vc_col-lg-12 vc_col-md-offset-0 vc_col-md-12 vc_col-sm-offset-0&#8243;][\/vc_column][\/vc_row][vc_row row_btt_skin=&#8221;light&#8221; row_background_text_position=&#8221;front&#8221; row_background_text_align=&#8221;left&#8221; row_skin=&#8221;dark&#8221; row_background_text_1=&#8221;Bran\u017ce&#8221; row_background_text_size=&#8221;180px&#8221; row_background_text_padding_left=&#8221;238px&#8221; row_background_text_padding_top=&#8221;65px&#8221; row_background_text_padding_left_1440=&#8221;4.3%&#8221; row_background_text_size_1280=&#8221;180px&#8221; row_background_text_padding_left_1280=&#8221;4.3%&#8221; row_background_text_size_1440=&#8221;180px&#8221; row_background_text_color=&#8221;#dedfe0&#8243;][vc_column][\/vc_column][\/vc_row][vc_row full_width=&#8221;stretch_row&#8221; row_btt_skin=&#8221;light&#8221; row_background_text_position=&#8221;front&#8221; css=&#8221;.vc_custom_1762274724583{margin-right: 50px !important;margin-left: 50px !important;}&#8221;][vc_column width=&#8221;1\/3&#8243;][vc_empty_space][\/vc_column][vc_column width=&#8221;1\/3&#8243;][vc_empty_space][\/vc_column][vc_column width=&#8221;1\/3&#8243;][vc_empty_space][\/vc_column][\/vc_row][vc_row [&hellip;]<\/p>\n","protected":false},"author":1,"featured_media":0,"parent":0,"menu_order":0,"comment_status":"closed","ping_status":"closed","template":"full-width.php","meta":{"footnotes":""},"class_list":["post-1458","page","type-page","status-publish","hentry"],"_links":{"self":[{"href":"https:\/\/fessgroup.pl\/index.php\/wp-json\/wp\/v2\/pages\/1458","targetHints":{"allow":["GET"]}}],"collection":[{"href":"https:\/\/fessgroup.pl\/index.php\/wp-json\/wp\/v2\/pages"}],"about":[{"href":"https:\/\/fessgroup.pl\/index.php\/wp-json\/wp\/v2\/types\/page"}],"author":[{"embeddable":true,"href":"https:\/\/fessgroup.pl\/index.php\/wp-json\/wp\/v2\/users\/1"}],"replies":[{"embeddable":true,"href":"https:\/\/fessgroup.pl\/index.php\/wp-json\/wp\/v2\/comments?post=1458"}],"version-history":[{"count":16,"href":"https:\/\/fessgroup.pl\/index.php\/wp-json\/wp\/v2\/pages\/1458\/revisions"}],"predecessor-version":[{"id":7965,"href":"https:\/\/fessgroup.pl\/index.php\/wp-json\/wp\/v2\/pages\/1458\/revisions\/7965"}],"wp:attachment":[{"href":"https:\/\/fessgroup.pl\/index.php\/wp-json\/wp\/v2\/media?parent=1458"}],"curies":[{"name":"wp","href":"https:\/\/api.w.org\/{rel}","templated":true}]}}